{"id":765,"date":"2021-12-07T11:22:23","date_gmt":"2021-12-07T11:22:23","guid":{"rendered":"https:\/\/www.ff-inka.com\/?page_id=765"},"modified":"2021-12-07T11:28:17","modified_gmt":"2021-12-07T11:28:17","slug":"selling-conditions","status":"publish","type":"page","link":"https:\/\/www.ff-inka.com\/en\/selling-conditions\/","title":{"rendered":"Selling conditions"},"content":{"rendered":"<div data-elementor-type=\"wp-page\" data-elementor-id=\"765\" class=\"elementor elementor-765\">\n\t\t\t\t\t\t\t\t\t<section class=\"elementor-section elementor-top-section elementor-element elementor-element-8c7ff94 elementor-section-boxed elementor-section-height-default elementor-section-height-default\" data-id=\"8c7ff94\" data-element_type=\"section\">\n\t\t\t\t\t\t<div class=\"elementor-container elementor-column-gap-default\">\n\t\t\t\t\t<div class=\"elementor-column elementor-col-100 elementor-top-column elementor-element elementor-element-41f9cba\" data-id=\"41f9cba\" data-element_type=\"column\">\n\t\t\t<div class=\"elementor-widget-wrap elementor-element-populated\">\n\t\t\t\t\t\t\t\t<div class=\"elementor-element elementor-element-151392a elementor-widget elementor-widget-heading\" data-id=\"151392a\" data-element_type=\"widget\" data-widget_type=\"heading.default\">\n\t\t\t\t<div class=\"elementor-widget-container\">\n\t\t\t<style>\/*! elementor - v3.15.0 - 20-08-2023 *\/\n.elementor-heading-title{padding:0;margin:0;line-height:1}.elementor-widget-heading .elementor-heading-title[class*=elementor-size-]>a{color:inherit;font-size:inherit;line-height:inherit}.elementor-widget-heading .elementor-heading-title.elementor-size-small{font-size:15px}.elementor-widget-heading .elementor-heading-title.elementor-size-medium{font-size:19px}.elementor-widget-heading .elementor-heading-title.elementor-size-large{font-size:29px}.elementor-widget-heading .elementor-heading-title.elementor-size-xl{font-size:39px}.elementor-widget-heading .elementor-heading-title.elementor-size-xxl{font-size:59px}<\/style><h2 class=\"elementor-heading-title elementor-size-default\">Selling conditions<\/h2>\t\t<\/div>\n\t\t\t\t<\/div>\n\t\t\t\t\t<\/div>\n\t\t<\/div>\n\t\t\t\t\t\t\t<\/div>\n\t\t<\/section>\n\t\t\t\t<section class=\"elementor-section elementor-top-section elementor-element elementor-element-3aa6276 elementor-section-boxed elementor-section-height-default elementor-section-height-default\" data-id=\"3aa6276\" data-element_type=\"section\">\n\t\t\t\t\t\t<div class=\"elementor-container elementor-column-gap-default\">\n\t\t\t\t\t<div class=\"elementor-column elementor-col-100 elementor-top-column elementor-element elementor-element-b3080fc\" data-id=\"b3080fc\" data-element_type=\"column\">\n\t\t\t<div class=\"elementor-widget-wrap elementor-element-populated\">\n\t\t\t\t\t\t\t\t<div class=\"elementor-element elementor-element-c84be3f elementor-widget elementor-widget-heading\" data-id=\"c84be3f\" data-element_type=\"widget\" data-widget_type=\"heading.default\">\n\t\t\t\t<div class=\"elementor-widget-container\">\n\t\t\t<h4 class=\"elementor-heading-title elementor-size-default\">Legal conditions<\/h4>\t\t<\/div>\n\t\t\t\t<\/div>\n\t\t\t\t\t<\/div>\n\t\t<\/div>\n\t\t\t\t\t\t\t<\/div>\n\t\t<\/section>\n\t\t\t\t<section class=\"elementor-section elementor-top-section elementor-element elementor-element-407dffe elementor-section-boxed elementor-section-height-default elementor-section-height-default\" data-id=\"407dffe\" data-element_type=\"section\">\n\t\t\t\t\t\t<div class=\"elementor-container elementor-column-gap-default\">\n\t\t\t\t\t<div class=\"elementor-column elementor-col-100 elementor-top-column elementor-element elementor-element-4c80c1b\" data-id=\"4c80c1b\" data-element_type=\"column\">\n\t\t\t<div class=\"elementor-widget-wrap elementor-element-populated\">\n\t\t\t\t\t\t\t\t<div class=\"elementor-element elementor-element-1e84261 elementor-widget elementor-widget-text-editor\" data-id=\"1e84261\" data-element_type=\"widget\" data-widget_type=\"text-editor.default\">\n\t\t\t\t<div class=\"elementor-widget-container\">\n\t\t\t<style>\/*! elementor - v3.15.0 - 20-08-2023 *\/\n.elementor-widget-text-editor.elementor-drop-cap-view-stacked .elementor-drop-cap{background-color:#69727d;color:#fff}.elementor-widget-text-editor.elementor-drop-cap-view-framed .elementor-drop-cap{color:#69727d;border:3px solid;background-color:transparent}.elementor-widget-text-editor:not(.elementor-drop-cap-view-default) .elementor-drop-cap{margin-top:8px}.elementor-widget-text-editor:not(.elementor-drop-cap-view-default) .elementor-drop-cap-letter{width:1em;height:1em}.elementor-widget-text-editor .elementor-drop-cap{float:left;text-align:center;line-height:1;font-size:50px}.elementor-widget-text-editor .elementor-drop-cap-letter{display:inline-block}<\/style>\t\t\t\t<p>Placing an order with FF INKA implies acceptance by the customer of the following legal conditions:<\/p><ol><li>Products prices are in Euros (\u20ac) and included V.A.T .Prices are valid except for typographical errors or end of stock.<\/li><li>Sales made at FF INKA will be subject to German law with the consequent payment of the corresponding taxes.<\/li><li>The photographs illustrating the products do not fall within the contractual field and may not give rise to any type of commitment on the part of FF INKA. Furthermore, FF INKA declines all responsibility regarding the validity of the content of the technical sheets and the descriptions of the products from our partners or suppliers.<\/li><li>The photographs may include props or decorative elements that are not part of the product and therefore will not be sent with it when placing your order.<\/li><li>At the time of order placing, once the order acceptance menu option has been used, the client\u2019s consent is understood to have been given for the validity and effectiveness of the sales contract that binds the parties.<\/li><\/ol>\t\t\t\t\t\t<\/div>\n\t\t\t\t<\/div>\n\t\t\t\t\t<\/div>\n\t\t<\/div>\n\t\t\t\t\t\t\t<\/div>\n\t\t<\/section>\n\t\t\t\t<section class=\"elementor-section elementor-top-section elementor-element elementor-element-5703937 elementor-section-boxed elementor-section-height-default elementor-section-height-default\" data-id=\"5703937\" data-element_type=\"section\">\n\t\t\t\t\t\t<div class=\"elementor-container elementor-column-gap-default\">\n\t\t\t\t\t<div class=\"elementor-column elementor-col-100 elementor-top-column elementor-element elementor-element-2004110\" data-id=\"2004110\" data-element_type=\"column\">\n\t\t\t<div class=\"elementor-widget-wrap elementor-element-populated\">\n\t\t\t\t\t\t\t\t<div class=\"elementor-element elementor-element-ba0560a elementor-widget elementor-widget-heading\" data-id=\"ba0560a\" data-element_type=\"widget\" data-widget_type=\"heading.default\">\n\t\t\t\t<div class=\"elementor-widget-container\">\n\t\t\t<h4 class=\"elementor-heading-title elementor-size-default\">Payment methods<\/h4>\t\t<\/div>\n\t\t\t\t<\/div>\n\t\t\t\t\t<\/div>\n\t\t<\/div>\n\t\t\t\t\t\t\t<\/div>\n\t\t<\/section>\n\t\t\t\t<section class=\"elementor-section elementor-top-section elementor-element elementor-element-9497f00 elementor-section-boxed elementor-section-height-default elementor-section-height-default\" data-id=\"9497f00\" data-element_type=\"section\">\n\t\t\t\t\t\t<div class=\"elementor-container elementor-column-gap-default\">\n\t\t\t\t\t<div class=\"elementor-column elementor-col-100 elementor-top-column elementor-element elementor-element-12b00ba\" data-id=\"12b00ba\" data-element_type=\"column\">\n\t\t\t<div class=\"elementor-widget-wrap elementor-element-populated\">\n\t\t\t\t\t\t\t\t<div class=\"elementor-element elementor-element-805458c elementor-widget elementor-widget-text-editor\" data-id=\"805458c\" data-element_type=\"widget\" data-widget_type=\"text-editor.default\">\n\t\t\t\t<div class=\"elementor-widget-container\">\n\t\t\t\t\t\t\t<ul>To guarantee the payment of the purchased product with complete security for the consumer, the following payment systems are established:<\/ul><ul><li><strong>CREDIT OR DEBIT CARD\u00a0<\/strong>Visa, Visa Electr\u00f3n, MasterCard, Maestro oder American Express. The charge on the credit card will be effective on life time.<\/li><\/ul>\t\t\t\t\t\t<\/div>\n\t\t\t\t<\/div>\n\t\t\t\t\t<\/div>\n\t\t<\/div>\n\t\t\t\t\t\t\t<\/div>\n\t\t<\/section>\n\t\t\t\t<section class=\"elementor-section elementor-top-section elementor-element elementor-element-504c3bb elementor-section-boxed elementor-section-height-default elementor-section-height-default\" data-id=\"504c3bb\" data-element_type=\"section\">\n\t\t\t\t\t\t<div class=\"elementor-container elementor-column-gap-default\">\n\t\t\t\t\t<div class=\"elementor-column elementor-col-100 elementor-top-column elementor-element elementor-element-de84be6\" data-id=\"de84be6\" data-element_type=\"column\">\n\t\t\t<div class=\"elementor-widget-wrap elementor-element-populated\">\n\t\t\t\t\t\t\t\t<div class=\"elementor-element elementor-element-6ee7ee4 elementor-widget elementor-widget-heading\" data-id=\"6ee7ee4\" data-element_type=\"widget\" data-widget_type=\"heading.default\">\n\t\t\t\t<div class=\"elementor-widget-container\">\n\t\t\t<h4 class=\"elementor-heading-title elementor-size-default\">Shipping cost<\/h4>\t\t<\/div>\n\t\t\t\t<\/div>\n\t\t\t\t\t<\/div>\n\t\t<\/div>\n\t\t\t\t\t\t\t<\/div>\n\t\t<\/section>\n\t\t\t\t<section class=\"elementor-section elementor-top-section elementor-element elementor-element-30ac8da elementor-section-boxed elementor-section-height-default elementor-section-height-default\" data-id=\"30ac8da\" data-element_type=\"section\">\n\t\t\t\t\t\t<div class=\"elementor-container elementor-column-gap-default\">\n\t\t\t\t\t<div class=\"elementor-column elementor-col-100 elementor-top-column elementor-element elementor-element-2434d5f\" data-id=\"2434d5f\" data-element_type=\"column\">\n\t\t\t<div class=\"elementor-widget-wrap elementor-element-populated\">\n\t\t\t\t\t\t\t\t<div class=\"elementor-element elementor-element-1122628 elementor-widget elementor-widget-text-editor\" data-id=\"1122628\" data-element_type=\"widget\" data-widget_type=\"text-editor.default\">\n\t\t\t\t<div class=\"elementor-widget-container\">\n\t\t\t\t\t\t\t<p>Shipping costs will be displayed on the order page at the time the delivery address of the merchandise is indicated<\/p><p>Shipments will only be made to Europe and these expenses will be free in German territory.<\/p>\t\t\t\t\t\t<\/div>\n\t\t\t\t<\/div>\n\t\t\t\t\t<\/div>\n\t\t<\/div>\n\t\t\t\t\t\t\t<\/div>\n\t\t<\/section>\n\t\t\t\t<section class=\"elementor-section elementor-top-section elementor-element elementor-element-6100ae5 elementor-section-boxed elementor-section-height-default elementor-section-height-default\" data-id=\"6100ae5\" data-element_type=\"section\">\n\t\t\t\t\t\t<div class=\"elementor-container elementor-column-gap-default\">\n\t\t\t\t\t<div class=\"elementor-column elementor-col-100 elementor-top-column elementor-element elementor-element-914dc3a\" data-id=\"914dc3a\" data-element_type=\"column\">\n\t\t\t<div class=\"elementor-widget-wrap elementor-element-populated\">\n\t\t\t\t\t\t\t\t<div class=\"elementor-element elementor-element-fbd8021 elementor-widget elementor-widget-heading\" data-id=\"fbd8021\" data-element_type=\"widget\" data-widget_type=\"heading.default\">\n\t\t\t\t<div class=\"elementor-widget-container\">\n\t\t\t<h4 class=\"elementor-heading-title elementor-size-default\">Shipping Time<\/h4>\t\t<\/div>\n\t\t\t\t<\/div>\n\t\t\t\t<div class=\"elementor-element elementor-element-8b3bbf3 elementor-widget elementor-widget-text-editor\" data-id=\"8b3bbf3\" data-element_type=\"widget\" data-widget_type=\"text-editor.default\">\n\t\t\t\t<div class=\"elementor-widget-container\">\n\t\t\t\t\t\t\t<p>Delivery time indicated by FF INKA are for guidance only. However our company will try the best in order to respect this deadline. Delays will no mean cancellation of the order or any compensation.\u00a0<\/p><p>The commitment acquired by FF INKA of sale and dispatch of the merchandise offered is subject to the stock of the advertised product and its availability until the end of stocks, so FF INKA, in its commitment to quality and customer service, tries at all moment that the advertised products are available. However, if there are exceptional circumstances that lead to the end of the product\u2019s stock, the order and the contract signed between the parties will be void by virtue of this resolution clause, fully restoring the customer in case of prepayment of the amounts paid by the same. , without proceeding in favor of any of the parties any compensation for breach of contract, consequential damage or loss of profit.<\/p><p>An approximate period of 3 to 6 days is established for the effective delivery of the purchased product, a period that will begin to run as soon as FF INKA has knowledge of the payment of the product made by the client. In the event of a delay in delivery of more than 10 days on the approximate period of receipt, and as long as this delay is attributable to FF INKA, the client, after a written claim, may unilaterally cancell the order, restoring the amounts paid in, and the parties agreeing that no claim is applicable any for damages, present or future, direct or indirect, or under the modalities of consequential damage or loss of profit.<\/p><p>FF INKA is not responsible for delays in delivery by the carrier due to causes beyond the normal operation of the transport service, such as strikes, accidents, overloading of the truck, etc. The order will be delivered to the address designated at the time of contracting by the client.<\/p><p>The subsequent modification of the place of delivery requested by the customer may generate additional expenses on the sale price. The order will be delivered at the main entrance of the place indicated by the client and a signature and the D.N.I. to collect the merchandise. The customer is responsible for verifying the content and status of the merchandise at the time of delivery, being that it has been accepted and stating his signature on the copy of the delivery note to be returned to the carrier, he expresses his agreement on what was received and waiving subsequent claims on the suitability and identity of the merchandise requested and received.\u00a0<\/p>\t\t\t\t\t\t<\/div>\n\t\t\t\t<\/div>\n\t\t\t\t\t<\/div>\n\t\t<\/div>\n\t\t\t\t\t\t\t<\/div>\n\t\t<\/section>\n\t\t\t\t\t\t\t<\/div>","protected":false},"excerpt":{"rendered":"<p>Selling conditions Legal conditions Placing an order with FF INKA implies acceptance by the customer of the following legal conditions: Products prices are in Euros (\u20ac) and included V.A.T .Prices are valid except for typographical errors or end of stock. Sales made at FF INKA will be subject to German law with the consequent payment &hellip;<\/p>\n<p class=\"read-more\"> <a class=\"\" href=\"https:\/\/www.ff-inka.com\/en\/selling-conditions\/\"> <span class=\"screen-reader-text\">Selling conditions<\/span> Read More &raquo;<\/a><\/p>","protected":false},"author":1,"featured_media":0,"parent":0,"menu_order":0,"comment_status":"closed","ping_status":"closed","template":"","meta":{"advanced_seo_description":"","jetpack_seo_html_title":"","jetpack_seo_noindex":false,"site-sidebar-layout":"no-sidebar","site-content-layout":"page-builder","ast-site-content-layout":"","site-content-style":"default","site-sidebar-style":"default","ast-global-header-display":"","ast-banner-title-visibility":"","ast-main-header-display":"","ast-hfb-above-header-display":"","ast-hfb-below-header-display":"","ast-hfb-mobile-header-display":"","site-post-title":"disabled","ast-breadcrumbs-content":"","ast-featured-img":"disabled","footer-sml-layout":"","theme-transparent-header-meta":"","adv-header-id-meta":"","stick-header-meta":"","header-above-stick-meta":"","header-main-stick-meta":"","header-below-stick-meta":"","astra-migrate-meta-layouts":"","footnotes":""},"class_list":["post-765","page","type-page","status-publish","hentry"],"jetpack-related-posts":[{"id":827,"url":"https:\/\/www.ff-inka.com\/en\/refund-policy\/","url_meta":{"origin":765,"position":0},"title":"Refund Policy","author":"admin","date":"December 7, 2021","format":false,"excerpt":"Refund Policy overviewOur refund and returns policy lasts 30 days. If 30 days have passed since your purchase, we can\u2019t offer you a full refund or exchange.To be eligible for a return, your item must be unused and in the same condition that you received it. It must also be\u2026","rel":"","context":"Similar post","block_context":{"text":"Similar post","link":""},"img":{"alt_text":"","src":"","width":0,"height":0},"classes":[]},{"id":713,"url":"https:\/\/www.ff-inka.com\/en\/privacy-policy\/","url_meta":{"origin":765,"position":1},"title":"Privacy Policy","author":"admin","date":"December 7, 2021","format":false,"excerpt":"Privacy Policy Who we are? The website address is: https:\/\/development.ff-inka.com. Comments When visitors leave a message in the web, we will keep the data that they left, the IP from the visitor and the browser\u2019s user agent string to aid spam detection.\u00a0An anonymous string created from your email address (also\u2026","rel":"","context":"Similar post","block_context":{"text":"Similar post","link":""},"img":{"alt_text":"","src":"","width":0,"height":0},"classes":[]},{"id":786,"url":"https:\/\/www.ff-inka.com\/en\/cookies-policy\/","url_meta":{"origin":765,"position":2},"title":"Cookies Policy","author":"admin","date":"December 7, 2021","format":false,"excerpt":"Cookies Policy Cookies According to Law 34\/2002, of July 11, on Services of the Information Society and Electronic Commerce, (LSSICE) we inform you that our website uses its own and third-party Cookies.As a User of our website, we inform you that we use cookies and \/ or similar technologies (hereinafter\u2026","rel":"","context":"Similar post","block_context":{"text":"Similar post","link":""},"img":{"alt_text":"","src":"","width":0,"height":0},"classes":[]},{"id":486,"url":"https:\/\/www.ff-inka.com\/en\/the-alpaca\/","url_meta":{"origin":765,"position":3},"title":"The Alpaca","author":"admin","date":"December 6, 2021","format":false,"excerpt":"The Alpaca Das Alpaka ist ein Tier aus der Familie der Kamele, das sich auf einzigartige Weise an das Leben in sehr gro\u00dfen H\u00f6hen angepasst hat. Es ist ein wichtiger Teil des Lebens der indigenen Gemeinschaften der Anden und gilt als einer ihrer gr\u00f6\u00dften Sch\u00e4tze.Das heutige Alpaka ist ein direkter\u2026","rel":"","context":"Similar post","block_context":{"text":"Similar post","link":""},"img":{"alt_text":"","src":"https:\/\/i0.wp.com\/www.ff-inka.com\/wp-content\/uploads\/2021\/12\/Alpaca-free1--scaled.jpg?resize=350%2C200&ssl=1","width":350,"height":200,"srcset":"https:\/\/i0.wp.com\/www.ff-inka.com\/wp-content\/uploads\/2021\/12\/Alpaca-free1--scaled.jpg?resize=350%2C200&ssl=1 1x, https:\/\/i0.wp.com\/www.ff-inka.com\/wp-content\/uploads\/2021\/12\/Alpaca-free1--scaled.jpg?resize=525%2C300&ssl=1 1.5x, https:\/\/i0.wp.com\/www.ff-inka.com\/wp-content\/uploads\/2021\/12\/Alpaca-free1--scaled.jpg?resize=700%2C400&ssl=1 2x, https:\/\/i0.wp.com\/www.ff-inka.com\/wp-content\/uploads\/2021\/12\/Alpaca-free1--scaled.jpg?resize=1050%2C600&ssl=1 3x, https:\/\/i0.wp.com\/www.ff-inka.com\/wp-content\/uploads\/2021\/12\/Alpaca-free1--scaled.jpg?resize=1400%2C800&ssl=1 4x"},"classes":[]},{"id":586,"url":"https:\/\/www.ff-inka.com\/en\/about-us\/","url_meta":{"origin":765,"position":4},"title":"\u00dcber uns","author":"admin","date":"December 6, 2021","format":false,"excerpt":"\u00dcber uns Wir sind Marta und Stefan, ein internationales Paar, das zwischen Spanien und Deutschland lebt. Wir sind Reiseliebhaber, die es lieben, Natur, Kulturen und Essen zu erkunden.Nachdem wir eine erstaunliche Dokumentation \u00fcber das unbekannte Peru gesehen hatten, wussten wir, dass wir dorthin mussten und haben schlie\u00dflich unsere Flitterwochen dort\u2026","rel":"","context":"Similar post","block_context":{"text":"Similar post","link":""},"img":{"alt_text":"","src":"","width":0,"height":0},"classes":[]},{"id":555,"url":"https:\/\/www.ff-inka.com\/en\/from-fleece-to-wool\/","url_meta":{"origin":765,"position":5},"title":"From fleece to wool","author":"admin","date":"December 6, 2021","format":false,"excerpt":"Vom Vlies zur Wolle Der erste Schritt zur Herstellung von Wolle h\u00f6chster Qualit\u00e4t ist die Auswahl des Alpakas. Nur tadellose Tiere ohne Krankheiten oder Parasiten, die ein Vlies von mindestens 9 cm Dicke aufweisen, eignen sich zur Herstellung hochwertiger Vliese.Der n\u00e4chste Schritt besteht darin, das Alpaka zu scheren, um das\u2026","rel":"","context":"Similar post","block_context":{"text":"Similar post","link":""},"img":{"alt_text":"","src":"https:\/\/i0.wp.com\/www.ff-inka.com\/wp-content\/uploads\/2021\/12\/Comercializacion-scaled.jpg?resize=350%2C200&ssl=1","width":350,"height":200,"srcset":"https:\/\/i0.wp.com\/www.ff-inka.com\/wp-content\/uploads\/2021\/12\/Comercializacion-scaled.jpg?resize=350%2C200&ssl=1 1x, https:\/\/i0.wp.com\/www.ff-inka.com\/wp-content\/uploads\/2021\/12\/Comercializacion-scaled.jpg?resize=525%2C300&ssl=1 1.5x, https:\/\/i0.wp.com\/www.ff-inka.com\/wp-content\/uploads\/2021\/12\/Comercializacion-scaled.jpg?resize=700%2C400&ssl=1 2x, https:\/\/i0.wp.com\/www.ff-inka.com\/wp-content\/uploads\/2021\/12\/Comercializacion-scaled.jpg?resize=1050%2C600&ssl=1 3x, https:\/\/i0.wp.com\/www.ff-inka.com\/wp-content\/uploads\/2021\/12\/Comercializacion-scaled.jpg?resize=1400%2C800&ssl=1 4x"},"classes":[]}],"_links":{"self":[{"href":"https:\/\/www.ff-inka.com\/en\/wp-json\/wp\/v2\/pages\/765","targetHints":{"allow":["GET"]}}],"collection":[{"href":"https:\/\/www.ff-inka.com\/en\/wp-json\/wp\/v2\/pages"}],"about":[{"href":"https:\/\/www.ff-inka.com\/en\/wp-json\/wp\/v2\/types\/page"}],"author":[{"embeddable":true,"href":"https:\/\/www.ff-inka.com\/en\/wp-json\/wp\/v2\/users\/1"}],"replies":[{"embeddable":true,"href":"https:\/\/www.ff-inka.com\/en\/wp-json\/wp\/v2\/comments?post=765"}],"version-history":[{"count":20,"href":"https:\/\/www.ff-inka.com\/en\/wp-json\/wp\/v2\/pages\/765\/revisions"}],"predecessor-version":[{"id":785,"href":"https:\/\/www.ff-inka.com\/en\/wp-json\/wp\/v2\/pages\/765\/revisions\/785"}],"wp:attachment":[{"href":"https:\/\/www.ff-inka.com\/en\/wp-json\/wp\/v2\/media?parent=765"}],"curies":[{"name":"wp","href":"https:\/\/api.w.org\/{rel}","templated":true}]}}