{"id":486,"date":"2021-12-06T16:19:25","date_gmt":"2021-12-06T16:19:25","guid":{"rendered":"https:\/\/www.ff-inka.com\/?page_id=486"},"modified":"2021-12-13T13:23:43","modified_gmt":"2021-12-13T13:23:43","slug":"the-alpaca","status":"publish","type":"page","link":"https:\/\/www.ff-inka.com\/en\/the-alpaca\/","title":{"rendered":"The Alpaca"},"content":{"rendered":"<div data-elementor-type=\"wp-page\" data-elementor-id=\"486\" class=\"elementor elementor-486\">\n\t\t\t\t\t\t\t\t\t<section class=\"elementor-section elementor-top-section elementor-element elementor-element-1b1889fc elementor-section-content-middle elementor-reverse-mobile elementor-section-boxed elementor-section-height-default elementor-section-height-default\" data-id=\"1b1889fc\" data-element_type=\"section\">\n\t\t\t\t\t\t<div class=\"elementor-container elementor-column-gap-default\">\n\t\t\t\t\t<div class=\"elementor-column elementor-col-50 elementor-top-column elementor-element elementor-element-36b3494e\" data-id=\"36b3494e\" data-element_type=\"column\">\n\t\t\t<div class=\"elementor-widget-wrap elementor-element-populated\">\n\t\t\t\t\t\t\t\t<div class=\"elementor-element elementor-element-683d21a5 elementor-widget elementor-widget-heading\" data-id=\"683d21a5\" data-element_type=\"widget\" data-widget_type=\"heading.default\">\n\t\t\t\t<div class=\"elementor-widget-container\">\n\t\t\t<style>\/*! elementor - v3.15.0 - 20-08-2023 *\/\n.elementor-heading-title{padding:0;margin:0;line-height:1}.elementor-widget-heading .elementor-heading-title[class*=elementor-size-]>a{color:inherit;font-size:inherit;line-height:inherit}.elementor-widget-heading .elementor-heading-title.elementor-size-small{font-size:15px}.elementor-widget-heading .elementor-heading-title.elementor-size-medium{font-size:19px}.elementor-widget-heading .elementor-heading-title.elementor-size-large{font-size:29px}.elementor-widget-heading .elementor-heading-title.elementor-size-xl{font-size:39px}.elementor-widget-heading .elementor-heading-title.elementor-size-xxl{font-size:59px}<\/style><h3 class=\"elementor-heading-title elementor-size-default\">The Alpaca<\/h3>\t\t<\/div>\n\t\t\t\t<\/div>\n\t\t\t\t<div class=\"elementor-element elementor-element-a9f07fe elementor-widget elementor-widget-text-editor\" data-id=\"a9f07fe\" data-element_type=\"widget\" data-widget_type=\"text-editor.default\">\n\t\t\t\t<div class=\"elementor-widget-container\">\n\t\t\t<style>\/*! elementor - v3.15.0 - 20-08-2023 *\/\n.elementor-widget-text-editor.elementor-drop-cap-view-stacked .elementor-drop-cap{background-color:#69727d;color:#fff}.elementor-widget-text-editor.elementor-drop-cap-view-framed .elementor-drop-cap{color:#69727d;border:3px solid;background-color:transparent}.elementor-widget-text-editor:not(.elementor-drop-cap-view-default) .elementor-drop-cap{margin-top:8px}.elementor-widget-text-editor:not(.elementor-drop-cap-view-default) .elementor-drop-cap-letter{width:1em;height:1em}.elementor-widget-text-editor .elementor-drop-cap{float:left;text-align:center;line-height:1;font-size:50px}.elementor-widget-text-editor .elementor-drop-cap-letter{display:inline-block}<\/style>\t\t\t\t<div style=\"caret-color: #000000; color: #000000;\"><div><p><span lang=\"DE\">The Alpaca an animal from the camel family which has uniquely adapted to live at very high altitudes. It is a defining part of the life of indigenous communities of the Andes and considered as one of their biggest treasures.<\/span><\/p><\/div><div><p><span lang=\"DE\">The modern-day alpaca is a direct ancestor of the wild vicu\u00f1a (Lama vicugna) and was created by breeder\u2019s selection by indigenous Andean communities. Thanks to genetical research we now know that this happened over 7.000 years ago (more than 6.000 years before the first Europeans arrives in south America), most likely with the aim to create an animal that produces finer wool.<\/span><\/p><\/div><div><p><span lang=\"DE\">There are two main varieties of Alpacas, Suri and Huacaya, which differ slightly in appearance and in the structure of their fleece. Suris are known for their hardiness and their qualities as working animals. Huacaya on the other hand produce a superior wool quality and a Huacaya fleece will in general have more wool of the sought after highest wool qualities \u201cBaby Alpaca\u201d and \u201cRoyal Alpaca\u201d.<\/span><\/p><\/div><div><p><span lang=\"DE\">Both varieties of Alpacas naturally appear in 24 four different colours and allowing to create a huge number of woven materials which need limited or no coloration at all. However, the Inka have perfected the colouration of alpaca wool with natural pigments from many different minerals, plants and other natural sources which can be found in the great landscapes in the Andes, which range from cold alpine climates in areas such as Arequipa and Cuzco to lush tropical and sub-tropical rainforest in Machu Picchu.<\/span><\/p><\/div><div><p><span lang=\"DE\">The banner of the Inka empire (Tawantin Suyo) is a rainbow flag not without a reason. It represents the different parts of the Inka empire but at the same time stands for extraordinary natural richness in its realm.<\/span><\/p><\/div><\/div>\t\t\t\t\t\t<\/div>\n\t\t\t\t<\/div>\n\t\t\t\t\t<\/div>\n\t\t<\/div>\n\t\t\t\t<div class=\"elementor-column elementor-col-50 elementor-top-column elementor-element elementor-element-7dc962b1\" data-id=\"7dc962b1\" data-element_type=\"column\">\n\t\t\t<div class=\"elementor-widget-wrap elementor-element-populated\">\n\t\t\t\t\t\t\t\t<div class=\"elementor-element elementor-element-3e0ba4c9 elementor-widget elementor-widget-image\" data-id=\"3e0ba4c9\" data-element_type=\"widget\" data-widget_type=\"image.default\">\n\t\t\t\t<div class=\"elementor-widget-container\">\n\t\t\t<style>\/*! elementor - v3.15.0 - 20-08-2023 *\/\n.elementor-widget-image{text-align:center}.elementor-widget-image a{display:inline-block}.elementor-widget-image a img[src$=\".svg\"]{width:48px}.elementor-widget-image img{vertical-align:middle;display:inline-block}<\/style>\t\t\t\t\t\t\t\t\t\t\t\t<img loading=\"lazy\" decoding=\"async\" width=\"1707\" height=\"2560\" src=\"https:\/\/i0.wp.com\/www.ff-inka.com\/wp-content\/uploads\/2021\/12\/Alpaca-free1--scaled.jpg?fit=1707%2C2560&amp;ssl=1\" class=\"attachment-full size-full wp-image-504\" alt=\"\" srcset=\"https:\/\/i0.wp.com\/www.ff-inka.com\/wp-content\/uploads\/2021\/12\/Alpaca-free1--scaled.jpg?w=1707&amp;ssl=1 1707w, https:\/\/i0.wp.com\/www.ff-inka.com\/wp-content\/uploads\/2021\/12\/Alpaca-free1--scaled.jpg?resize=600%2C900&amp;ssl=1 600w, https:\/\/i0.wp.com\/www.ff-inka.com\/wp-content\/uploads\/2021\/12\/Alpaca-free1--scaled.jpg?resize=200%2C300&amp;ssl=1 200w, https:\/\/i0.wp.com\/www.ff-inka.com\/wp-content\/uploads\/2021\/12\/Alpaca-free1--scaled.jpg?resize=683%2C1024&amp;ssl=1 683w, https:\/\/i0.wp.com\/www.ff-inka.com\/wp-content\/uploads\/2021\/12\/Alpaca-free1--scaled.jpg?resize=768%2C1152&amp;ssl=1 768w, https:\/\/i0.wp.com\/www.ff-inka.com\/wp-content\/uploads\/2021\/12\/Alpaca-free1--scaled.jpg?resize=1024%2C1536&amp;ssl=1 1024w, https:\/\/i0.wp.com\/www.ff-inka.com\/wp-content\/uploads\/2021\/12\/Alpaca-free1--scaled.jpg?resize=1365%2C2048&amp;ssl=1 1365w\" sizes=\"auto, (max-width: 1000px) 100vw, 1000px\" \/>\t\t\t\t\t\t\t\t\t\t\t\t\t\t\t<\/div>\n\t\t\t\t<\/div>\n\t\t\t\t\t<\/div>\n\t\t<\/div>\n\t\t\t\t\t\t\t<\/div>\n\t\t<\/section>\n\t\t\t\t\t\t\t<\/div>","protected":false},"excerpt":{"rendered":"<p>The Alpaca Das Alpaka ist ein Tier aus der Familie der Kamele, das sich auf einzigartige Weise an das Leben in sehr gro\u00dfen H\u00f6hen angepasst hat. Es ist ein wichtiger Teil des Lebens der indigenen Gemeinschaften der Anden und gilt als einer ihrer gr\u00f6\u00dften Sch\u00e4tze. Das heutige Alpaka ist ein direkter Vorfahre des wilden Vicu\u00f1as &hellip;<\/p>\n<p class=\"read-more\"> <a class=\"\" href=\"https:\/\/www.ff-inka.com\/en\/the-alpaca\/\"> <span class=\"screen-reader-text\">The Alpaca<\/span> Read More &raquo;<\/a><\/p>","protected":false},"author":1,"featured_media":0,"parent":0,"menu_order":0,"comment_status":"closed","ping_status":"closed","template":"","meta":{"advanced_seo_description":"","jetpack_seo_html_title":"","jetpack_seo_noindex":false,"site-sidebar-layout":"no-sidebar","site-content-layout":"page-builder","ast-site-content-layout":"","site-content-style":"default","site-sidebar-style":"default","ast-global-header-display":"","ast-banner-title-visibility":"","ast-main-header-display":"","ast-hfb-above-header-display":"","ast-hfb-below-header-display":"","ast-hfb-mobile-header-display":"","site-post-title":"disabled","ast-breadcrumbs-content":"","ast-featured-img":"disabled","footer-sml-layout":"","theme-transparent-header-meta":"","adv-header-id-meta":"","stick-header-meta":"","header-above-stick-meta":"","header-main-stick-meta":"","header-below-stick-meta":"","astra-migrate-meta-layouts":"","footnotes":""},"class_list":["post-486","page","type-page","status-publish","hentry"],"jetpack-related-posts":[{"id":398,"url":"https:\/\/www.ff-inka.com\/en\/concerning-alpacas\/","url_meta":{"origin":486,"position":0},"title":"\u00dcber Alpacas","author":"admin","date":"December 6, 2021","format":false,"excerpt":"\u00dcber Alpacas Das Alpaka Das Alpaka ist ein Tier aus der Familie der Kamele, das sich auf einzigartige Weise an das Leben in sehr gro\u00dfen H\u00f6hen angepasst hat. Es ist ein wichtiger Teil des Lebens der indigenen Gemeinschaften der Anden und gilt als einer ihrer gr\u00f6\u00dften Sch\u00e4tze. Weiterlesen Scheren und\u2026","rel":"","context":"Similar post","block_context":{"text":"Similar post","link":""},"img":{"alt_text":"","src":"https:\/\/i0.wp.com\/www.ff-inka.com\/wp-content\/uploads\/2021\/12\/Grupo-Alpaca-scaled.jpg?resize=350%2C200&ssl=1","width":350,"height":200,"srcset":"https:\/\/i0.wp.com\/www.ff-inka.com\/wp-content\/uploads\/2021\/12\/Grupo-Alpaca-scaled.jpg?resize=350%2C200&ssl=1 1x, https:\/\/i0.wp.com\/www.ff-inka.com\/wp-content\/uploads\/2021\/12\/Grupo-Alpaca-scaled.jpg?resize=525%2C300&ssl=1 1.5x, https:\/\/i0.wp.com\/www.ff-inka.com\/wp-content\/uploads\/2021\/12\/Grupo-Alpaca-scaled.jpg?resize=700%2C400&ssl=1 2x, https:\/\/i0.wp.com\/www.ff-inka.com\/wp-content\/uploads\/2021\/12\/Grupo-Alpaca-scaled.jpg?resize=1050%2C600&ssl=1 3x, https:\/\/i0.wp.com\/www.ff-inka.com\/wp-content\/uploads\/2021\/12\/Grupo-Alpaca-scaled.jpg?resize=1400%2C800&ssl=1 4x"},"classes":[]},{"id":57,"url":"https:\/\/www.ff-inka.com\/en\/","url_meta":{"origin":486,"position":1},"title":"Startseite","author":"admin","date":"December 6, 2021","format":false,"excerpt":"Winter Collektion Jetzt Shoppen Sichere Bezahlung keine Transaktionsgeb\u00fchrenEinfacher Bezahlung mit Visa oder Apple Pay Gratisversand Kostenlose Lieferung in Deutschland und einfache R\u00fcckgabe innerhalb von 30 Tagen Mit Liebe gemacht Alle unsere Produkte werden von unserem Team von Hand f\u00fcr Sie ausgew\u00e4hlt und jeder Artikel wird vor dem Versand einer Qualit\u00e4tspr\u00fcfung\u2026","rel":"","context":"Similar post","block_context":{"text":"Similar post","link":""},"img":{"alt_text":"","src":"https:\/\/i0.wp.com\/www.ff-inka.com\/wp-content\/uploads\/2021\/12\/alpaca-esquilada.jpg?resize=350%2C200&ssl=1","width":350,"height":200,"srcset":"https:\/\/i0.wp.com\/www.ff-inka.com\/wp-content\/uploads\/2021\/12\/alpaca-esquilada.jpg?resize=350%2C200&ssl=1 1x, https:\/\/i0.wp.com\/www.ff-inka.com\/wp-content\/uploads\/2021\/12\/alpaca-esquilada.jpg?resize=525%2C300&ssl=1 1.5x"},"classes":[]},{"id":296,"url":"https:\/\/www.ff-inka.com\/en\/pachamama\/","url_meta":{"origin":486,"position":2},"title":"Pachamama","author":"admin","date":"December 6, 2021","format":false,"excerpt":"Pachamama Globe-americas Mit unseren Produkten wollen wir einen kleinen Beitrag leisten, die Welt zu einem besseren Ort zu machen. Die indigenen Andengemeinschaften (die Quechua) nennen die Welt Pachamama, was w\u00f6rtlich \u00fcbersetzt Weltmutter, die G\u00f6ttin der Welt, bedeutet. F\u00fcr die Quechua ist die Welt mehr als nur der Ort, an dem\u2026","rel":"","context":"Similar post","block_context":{"text":"Similar post","link":""},"img":{"alt_text":"","src":"https:\/\/i0.wp.com\/www.ff-inka.com\/wp-content\/uploads\/2021\/12\/nina-en-uros-scaled.jpg?resize=350%2C200&ssl=1","width":350,"height":200,"srcset":"https:\/\/i0.wp.com\/www.ff-inka.com\/wp-content\/uploads\/2021\/12\/nina-en-uros-scaled.jpg?resize=350%2C200&ssl=1 1x, https:\/\/i0.wp.com\/www.ff-inka.com\/wp-content\/uploads\/2021\/12\/nina-en-uros-scaled.jpg?resize=525%2C300&ssl=1 1.5x, https:\/\/i0.wp.com\/www.ff-inka.com\/wp-content\/uploads\/2021\/12\/nina-en-uros-scaled.jpg?resize=700%2C400&ssl=1 2x, https:\/\/i0.wp.com\/www.ff-inka.com\/wp-content\/uploads\/2021\/12\/nina-en-uros-scaled.jpg?resize=1050%2C600&ssl=1 3x, https:\/\/i0.wp.com\/www.ff-inka.com\/wp-content\/uploads\/2021\/12\/nina-en-uros-scaled.jpg?resize=1400%2C800&ssl=1 4x"},"classes":[]},{"id":555,"url":"https:\/\/www.ff-inka.com\/en\/from-fleece-to-wool\/","url_meta":{"origin":486,"position":3},"title":"From fleece to wool","author":"admin","date":"December 6, 2021","format":false,"excerpt":"Vom Vlies zur Wolle Der erste Schritt zur Herstellung von Wolle h\u00f6chster Qualit\u00e4t ist die Auswahl des Alpakas. Nur tadellose Tiere ohne Krankheiten oder Parasiten, die ein Vlies von mindestens 9 cm Dicke aufweisen, eignen sich zur Herstellung hochwertiger Vliese.Der n\u00e4chste Schritt besteht darin, das Alpaka zu scheren, um das\u2026","rel":"","context":"Similar post","block_context":{"text":"Similar post","link":""},"img":{"alt_text":"","src":"https:\/\/i0.wp.com\/www.ff-inka.com\/wp-content\/uploads\/2021\/12\/Comercializacion-scaled.jpg?resize=350%2C200&ssl=1","width":350,"height":200,"srcset":"https:\/\/i0.wp.com\/www.ff-inka.com\/wp-content\/uploads\/2021\/12\/Comercializacion-scaled.jpg?resize=350%2C200&ssl=1 1x, https:\/\/i0.wp.com\/www.ff-inka.com\/wp-content\/uploads\/2021\/12\/Comercializacion-scaled.jpg?resize=525%2C300&ssl=1 1.5x, https:\/\/i0.wp.com\/www.ff-inka.com\/wp-content\/uploads\/2021\/12\/Comercializacion-scaled.jpg?resize=700%2C400&ssl=1 2x, https:\/\/i0.wp.com\/www.ff-inka.com\/wp-content\/uploads\/2021\/12\/Comercializacion-scaled.jpg?resize=1050%2C600&ssl=1 3x, https:\/\/i0.wp.com\/www.ff-inka.com\/wp-content\/uploads\/2021\/12\/Comercializacion-scaled.jpg?resize=1400%2C800&ssl=1 4x"},"classes":[]},{"id":349,"url":"https:\/\/www.ff-inka.com\/en\/sustainable-farmed\/","url_meta":{"origin":486,"position":4},"title":"Sustainable Farmed","author":"admin","date":"December 6, 2021","format":false,"excerpt":"Nachhaltiger Bauernhof Ihre Familien k\u00fcmmern sich um ihre Alpakas, versorgen sie mit guter Nahrung und sorgen daf\u00fcr, dass sie ein langes und gl\u00fcckliches Leben haben und sie vor Schaden bewahren. Es kommt sogar sehr h\u00e4ufig vor, dass Menschen ihre Tiere \u00fcberall hin mitnehmen, so eng ist ihre Beziehung. Sie k\u00f6nnen\u2026","rel":"","context":"Similar post","block_context":{"text":"Similar post","link":""},"img":{"alt_text":"","src":"https:\/\/i0.wp.com\/www.ff-inka.com\/wp-content\/uploads\/2021\/12\/Alpaca-granja-1024x577.jpg?resize=350%2C200&ssl=1","width":350,"height":200,"srcset":"https:\/\/i0.wp.com\/www.ff-inka.com\/wp-content\/uploads\/2021\/12\/Alpaca-granja-1024x577.jpg?resize=350%2C200&ssl=1 1x, https:\/\/i0.wp.com\/www.ff-inka.com\/wp-content\/uploads\/2021\/12\/Alpaca-granja-1024x577.jpg?resize=525%2C300&ssl=1 1.5x, https:\/\/i0.wp.com\/www.ff-inka.com\/wp-content\/uploads\/2021\/12\/Alpaca-granja-1024x577.jpg?resize=700%2C400&ssl=1 2x"},"classes":[]},{"id":586,"url":"https:\/\/www.ff-inka.com\/en\/about-us\/","url_meta":{"origin":486,"position":5},"title":"\u00dcber uns","author":"admin","date":"December 6, 2021","format":false,"excerpt":"\u00dcber uns Wir sind Marta und Stefan, ein internationales Paar, das zwischen Spanien und Deutschland lebt. Wir sind Reiseliebhaber, die es lieben, Natur, Kulturen und Essen zu erkunden.Nachdem wir eine erstaunliche Dokumentation \u00fcber das unbekannte Peru gesehen hatten, wussten wir, dass wir dorthin mussten und haben schlie\u00dflich unsere Flitterwochen dort\u2026","rel":"","context":"Similar post","block_context":{"text":"Similar post","link":""},"img":{"alt_text":"","src":"","width":0,"height":0},"classes":[]}],"_links":{"self":[{"href":"https:\/\/www.ff-inka.com\/en\/wp-json\/wp\/v2\/pages\/486","targetHints":{"allow":["GET"]}}],"collection":[{"href":"https:\/\/www.ff-inka.com\/en\/wp-json\/wp\/v2\/pages"}],"about":[{"href":"https:\/\/www.ff-inka.com\/en\/wp-json\/wp\/v2\/types\/page"}],"author":[{"embeddable":true,"href":"https:\/\/www.ff-inka.com\/en\/wp-json\/wp\/v2\/users\/1"}],"replies":[{"embeddable":true,"href":"https:\/\/www.ff-inka.com\/en\/wp-json\/wp\/v2\/comments?post=486"}],"version-history":[{"count":25,"href":"https:\/\/www.ff-inka.com\/en\/wp-json\/wp\/v2\/pages\/486\/revisions"}],"predecessor-version":[{"id":1248,"href":"https:\/\/www.ff-inka.com\/en\/wp-json\/wp\/v2\/pages\/486\/revisions\/1248"}],"wp:attachment":[{"href":"https:\/\/www.ff-inka.com\/en\/wp-json\/wp\/v2\/media?parent=486"}],"curies":[{"name":"wp","href":"https:\/\/api.w.org\/{rel}","templated":true}]}}