{"id":398,"date":"2021-12-06T15:42:53","date_gmt":"2021-12-06T15:42:53","guid":{"rendered":"https:\/\/www.ff-inka.com\/?page_id=398"},"modified":"2021-12-13T13:37:51","modified_gmt":"2021-12-13T13:37:51","slug":"concerning-alpacas","status":"publish","type":"page","link":"https:\/\/www.ff-inka.com\/en\/concerning-alpacas\/","title":{"rendered":"Concerning Alpacas"},"content":{"rendered":"<div data-elementor-type=\"wp-page\" data-elementor-id=\"398\" class=\"elementor elementor-398\">\n\t\t\t\t\t\t\t\t\t<section class=\"elementor-section elementor-top-section elementor-element elementor-element-e014f8d elementor-section-boxed elementor-section-height-default elementor-section-height-default\" data-id=\"e014f8d\" data-element_type=\"section\">\n\t\t\t\t\t\t<div class=\"elementor-container elementor-column-gap-default\">\n\t\t\t\t\t<div class=\"elementor-column elementor-col-100 elementor-top-column elementor-element elementor-element-5bced17\" data-id=\"5bced17\" data-element_type=\"column\">\n\t\t\t<div class=\"elementor-widget-wrap elementor-element-populated\">\n\t\t\t\t\t\t\t\t<div class=\"elementor-element elementor-element-757b232 elementor-widget elementor-widget-heading\" data-id=\"757b232\" data-element_type=\"widget\" data-widget_type=\"heading.default\">\n\t\t\t\t<div class=\"elementor-widget-container\">\n\t\t\t<style>\/*! elementor - v3.15.0 - 20-08-2023 *\/\n.elementor-heading-title{padding:0;margin:0;line-height:1}.elementor-widget-heading .elementor-heading-title[class*=elementor-size-]>a{color:inherit;font-size:inherit;line-height:inherit}.elementor-widget-heading .elementor-heading-title.elementor-size-small{font-size:15px}.elementor-widget-heading .elementor-heading-title.elementor-size-medium{font-size:19px}.elementor-widget-heading .elementor-heading-title.elementor-size-large{font-size:29px}.elementor-widget-heading .elementor-heading-title.elementor-size-xl{font-size:39px}.elementor-widget-heading .elementor-heading-title.elementor-size-xxl{font-size:59px}<\/style><h3 class=\"elementor-heading-title elementor-size-default\">Concerning Alpacas<\/h3>\t\t<\/div>\n\t\t\t\t<\/div>\n\t\t\t\t\t<\/div>\n\t\t<\/div>\n\t\t\t\t\t\t\t<\/div>\n\t\t<\/section>\n\t\t\t\t<section class=\"elementor-section elementor-top-section elementor-element elementor-element-9dcfcaf elementor-section-content-middle elementor-reverse-mobile elementor-section-boxed elementor-section-height-default elementor-section-height-default\" data-id=\"9dcfcaf\" data-element_type=\"section\">\n\t\t\t\t\t\t<div class=\"elementor-container elementor-column-gap-default\">\n\t\t\t\t\t<div class=\"elementor-column elementor-col-50 elementor-top-column elementor-element elementor-element-76bb9b5d\" data-id=\"76bb9b5d\" data-element_type=\"column\">\n\t\t\t<div class=\"elementor-widget-wrap elementor-element-populated\">\n\t\t\t\t\t\t\t\t<div class=\"elementor-element elementor-element-2586882f elementor-widget elementor-widget-heading\" data-id=\"2586882f\" data-element_type=\"widget\" data-widget_type=\"heading.default\">\n\t\t\t\t<div class=\"elementor-widget-container\">\n\t\t\t<h3 class=\"elementor-heading-title elementor-size-default\">The Alpaca<\/h3>\t\t<\/div>\n\t\t\t\t<\/div>\n\t\t\t\t<div class=\"elementor-element elementor-element-120d8de4 elementor-widget elementor-widget-text-editor\" data-id=\"120d8de4\" data-element_type=\"widget\" data-widget_type=\"text-editor.default\">\n\t\t\t\t<div class=\"elementor-widget-container\">\n\t\t\t<style>\/*! elementor - v3.15.0 - 20-08-2023 *\/\n.elementor-widget-text-editor.elementor-drop-cap-view-stacked .elementor-drop-cap{background-color:#69727d;color:#fff}.elementor-widget-text-editor.elementor-drop-cap-view-framed .elementor-drop-cap{color:#69727d;border:3px solid;background-color:transparent}.elementor-widget-text-editor:not(.elementor-drop-cap-view-default) .elementor-drop-cap{margin-top:8px}.elementor-widget-text-editor:not(.elementor-drop-cap-view-default) .elementor-drop-cap-letter{width:1em;height:1em}.elementor-widget-text-editor .elementor-drop-cap{float:left;text-align:center;line-height:1;font-size:50px}.elementor-widget-text-editor .elementor-drop-cap-letter{display:inline-block}<\/style>\t\t\t\t<div><p><span lang=\"DE\">The Alpaca an animal from the camel family which has uniquely adapted to live at very high altitudes. It is a defining part of the life of indigenous communities of the Andes and considered as one of their biggest treasures.<\/span><\/p><\/div>\t\t\t\t\t\t<\/div>\n\t\t\t\t<\/div>\n\t\t\t\t<div class=\"elementor-element elementor-element-17d078d9 elementor-align-left elementor-mobile-align-center elementor-widget elementor-widget-button\" data-id=\"17d078d9\" data-element_type=\"widget\" data-widget_type=\"button.default\">\n\t\t\t\t<div class=\"elementor-widget-container\">\n\t\t\t\t\t<div class=\"elementor-button-wrapper\">\n\t\t\t<a class=\"elementor-button elementor-button-link elementor-size-md\" href=\"https:\/\/www.ff-inka.com\/en\/the-alpaca\/?preview_id=486\">\n\t\t\t\t\t\t<span class=\"elementor-button-content-wrapper\">\n\t\t\t\t\t\t<span class=\"elementor-button-icon elementor-align-icon-right\">\n\t\t\t\t<i aria-hidden=\"true\" class=\"fas fa-angle-double-right\"><\/i>\t\t\t<\/span>\n\t\t\t\t\t\t<span class=\"elementor-button-text\">Read more<\/span>\n\t\t<\/span>\n\t\t\t\t\t<\/a>\n\t\t<\/div>\n\t\t\t\t<\/div>\n\t\t\t\t<\/div>\n\t\t\t\t\t<\/div>\n\t\t<\/div>\n\t\t\t\t<div class=\"elementor-column elementor-col-50 elementor-top-column elementor-element elementor-element-7679c1ea\" data-id=\"7679c1ea\" data-element_type=\"column\">\n\t\t\t<div class=\"elementor-widget-wrap elementor-element-populated\">\n\t\t\t\t\t\t\t\t<div class=\"elementor-element elementor-element-5150380c elementor-widget elementor-widget-image\" data-id=\"5150380c\" data-element_type=\"widget\" data-widget_type=\"image.default\">\n\t\t\t\t<div class=\"elementor-widget-container\">\n\t\t\t<style>\/*! elementor - v3.15.0 - 20-08-2023 *\/\n.elementor-widget-image{text-align:center}.elementor-widget-image a{display:inline-block}.elementor-widget-image a img[src$=\".svg\"]{width:48px}.elementor-widget-image img{vertical-align:middle;display:inline-block}<\/style>\t\t\t\t\t\t\t\t\t\t\t\t<img loading=\"lazy\" decoding=\"async\" width=\"2560\" height=\"1920\" src=\"https:\/\/i0.wp.com\/www.ff-inka.com\/wp-content\/uploads\/2021\/12\/Grupo-Alpaca-scaled.jpg?fit=2560%2C1920&amp;ssl=1\" class=\"attachment-full size-full wp-image-476\" alt=\"\" srcset=\"https:\/\/i0.wp.com\/www.ff-inka.com\/wp-content\/uploads\/2021\/12\/Grupo-Alpaca-scaled.jpg?w=2560&amp;ssl=1 2560w, https:\/\/i0.wp.com\/www.ff-inka.com\/wp-content\/uploads\/2021\/12\/Grupo-Alpaca-scaled.jpg?resize=600%2C450&amp;ssl=1 600w, https:\/\/i0.wp.com\/www.ff-inka.com\/wp-content\/uploads\/2021\/12\/Grupo-Alpaca-scaled.jpg?resize=300%2C225&amp;ssl=1 300w, https:\/\/i0.wp.com\/www.ff-inka.com\/wp-content\/uploads\/2021\/12\/Grupo-Alpaca-scaled.jpg?resize=1024%2C768&amp;ssl=1 1024w, https:\/\/i0.wp.com\/www.ff-inka.com\/wp-content\/uploads\/2021\/12\/Grupo-Alpaca-scaled.jpg?resize=768%2C576&amp;ssl=1 768w, https:\/\/i0.wp.com\/www.ff-inka.com\/wp-content\/uploads\/2021\/12\/Grupo-Alpaca-scaled.jpg?resize=1536%2C1152&amp;ssl=1 1536w, https:\/\/i0.wp.com\/www.ff-inka.com\/wp-content\/uploads\/2021\/12\/Grupo-Alpaca-scaled.jpg?resize=2048%2C1536&amp;ssl=1 2048w\" sizes=\"auto, (max-width: 1000px) 100vw, 1000px\" \/>\t\t\t\t\t\t\t\t\t\t\t\t\t\t\t<\/div>\n\t\t\t\t<\/div>\n\t\t\t\t\t<\/div>\n\t\t<\/div>\n\t\t\t\t\t\t\t<\/div>\n\t\t<\/section>\n\t\t\t\t<section class=\"elementor-section elementor-top-section elementor-element elementor-element-6b2f31d9 elementor-section-content-middle elementor-section-boxed elementor-section-height-default elementor-section-height-default\" data-id=\"6b2f31d9\" data-element_type=\"section\">\n\t\t\t\t\t\t<div class=\"elementor-container elementor-column-gap-default\">\n\t\t\t\t\t<div class=\"elementor-column elementor-col-50 elementor-top-column elementor-element elementor-element-1fbe69e6\" data-id=\"1fbe69e6\" data-element_type=\"column\">\n\t\t\t<div class=\"elementor-widget-wrap elementor-element-populated\">\n\t\t\t\t\t\t\t\t<div class=\"elementor-element elementor-element-05e6ca2 elementor-widget elementor-widget-image\" data-id=\"05e6ca2\" data-element_type=\"widget\" data-widget_type=\"image.default\">\n\t\t\t\t<div class=\"elementor-widget-container\">\n\t\t\t\t\t\t\t\t\t\t\t\t\t\t\t<img loading=\"lazy\" decoding=\"async\" width=\"768\" height=\"960\" src=\"https:\/\/i0.wp.com\/www.ff-inka.com\/wp-content\/uploads\/2021\/12\/ALPACA-HAIR-scaled.jpg?fit=768%2C960&amp;ssl=1\" class=\"attachment-medium_large size-medium_large wp-image-446\" alt=\"\" srcset=\"https:\/\/i0.wp.com\/www.ff-inka.com\/wp-content\/uploads\/2021\/12\/ALPACA-HAIR-scaled.jpg?w=2048&amp;ssl=1 2048w, https:\/\/i0.wp.com\/www.ff-inka.com\/wp-content\/uploads\/2021\/12\/ALPACA-HAIR-scaled.jpg?resize=600%2C750&amp;ssl=1 600w, https:\/\/i0.wp.com\/www.ff-inka.com\/wp-content\/uploads\/2021\/12\/ALPACA-HAIR-scaled.jpg?resize=240%2C300&amp;ssl=1 240w, https:\/\/i0.wp.com\/www.ff-inka.com\/wp-content\/uploads\/2021\/12\/ALPACA-HAIR-scaled.jpg?resize=819%2C1024&amp;ssl=1 819w, https:\/\/i0.wp.com\/www.ff-inka.com\/wp-content\/uploads\/2021\/12\/ALPACA-HAIR-scaled.jpg?resize=768%2C960&amp;ssl=1 768w, https:\/\/i0.wp.com\/www.ff-inka.com\/wp-content\/uploads\/2021\/12\/ALPACA-HAIR-scaled.jpg?resize=1229%2C1536&amp;ssl=1 1229w, https:\/\/i0.wp.com\/www.ff-inka.com\/wp-content\/uploads\/2021\/12\/ALPACA-HAIR-scaled.jpg?resize=1638%2C2048&amp;ssl=1 1638w\" sizes=\"auto, (max-width: 768px) 100vw, 768px\" \/>\t\t\t\t\t\t\t\t\t\t\t\t\t\t\t<\/div>\n\t\t\t\t<\/div>\n\t\t\t\t\t<\/div>\n\t\t<\/div>\n\t\t\t\t<div class=\"elementor-column elementor-col-50 elementor-top-column elementor-element elementor-element-267232ea\" data-id=\"267232ea\" data-element_type=\"column\">\n\t\t\t<div class=\"elementor-widget-wrap elementor-element-populated\">\n\t\t\t\t\t\t\t\t<div class=\"elementor-element elementor-element-33c6acf9 elementor-widget elementor-widget-heading\" data-id=\"33c6acf9\" data-element_type=\"widget\" data-widget_type=\"heading.default\">\n\t\t\t\t<div class=\"elementor-widget-container\">\n\t\t\t<h3 class=\"elementor-heading-title elementor-size-default\">Shearing and fibre harvest<\/h3>\t\t<\/div>\n\t\t\t\t<\/div>\n\t\t\t\t<div class=\"elementor-element elementor-element-5cc6bccd elementor-widget elementor-widget-text-editor\" data-id=\"5cc6bccd\" data-element_type=\"widget\" data-widget_type=\"text-editor.default\">\n\t\t\t\t<div class=\"elementor-widget-container\">\n\t\t\t\t\t\t\t<div><p><span lang=\"DE\">Shearing is the process to cut the fleece of the Alpaca with scissors or a machine, taking the whole fleece in one piece. Domestic alpacas, unlike their wild siblings, have lost the ability to shed their wool naturally with changing seasons. Therefore, to support the animal, when winter fades, their human families shear them.<\/span><\/p><\/div><div><p><span style=\"font-size: 16px;\">Unlike their siblings the wild vicu\u00f1a and the common lama, which feature both under coat and upper coat wool, alpacas have a much finer, homogenous type of wool which is used to create wool products of extraordinary quality. Alpaca fleeces for instance are naturally resistant against rain, breathable and protect from the heat of the sun and the cold of the mountain. Woven into thick ponchos they protect people in Andean communities from the extreme weather conditions they are facing.<\/span><\/p><\/div>\t\t\t\t\t\t<\/div>\n\t\t\t\t<\/div>\n\t\t\t\t<div class=\"elementor-element elementor-element-4969b2eb elementor-align-left elementor-mobile-align-center elementor-widget elementor-widget-button\" data-id=\"4969b2eb\" data-element_type=\"widget\" data-widget_type=\"button.default\">\n\t\t\t\t<div class=\"elementor-widget-container\">\n\t\t\t\t\t<div class=\"elementor-button-wrapper\">\n\t\t\t<a class=\"elementor-button elementor-button-link elementor-size-md\" href=\"https:\/\/www.ff-inka.com\/en\/shearing-and-fibre-harvest\/?preview_id=514\">\n\t\t\t\t\t\t<span class=\"elementor-button-content-wrapper\">\n\t\t\t\t\t\t<span class=\"elementor-button-icon elementor-align-icon-right\">\n\t\t\t\t<i aria-hidden=\"true\" class=\"fas fa-angle-double-right\"><\/i>\t\t\t<\/span>\n\t\t\t\t\t\t<span class=\"elementor-button-text\">Read more<\/span>\n\t\t<\/span>\n\t\t\t\t\t<\/a>\n\t\t<\/div>\n\t\t\t\t<\/div>\n\t\t\t\t<\/div>\n\t\t\t\t\t<\/div>\n\t\t<\/div>\n\t\t\t\t\t\t\t<\/div>\n\t\t<\/section>\n\t\t\t\t<section class=\"elementor-section elementor-top-section elementor-element elementor-element-26af820f elementor-section-content-middle elementor-reverse-mobile elementor-section-boxed elementor-section-height-default elementor-section-height-default\" data-id=\"26af820f\" data-element_type=\"section\">\n\t\t\t\t\t\t<div class=\"elementor-container elementor-column-gap-default\">\n\t\t\t\t\t<div class=\"elementor-column elementor-col-50 elementor-top-column elementor-element elementor-element-78a4330e\" data-id=\"78a4330e\" data-element_type=\"column\">\n\t\t\t<div class=\"elementor-widget-wrap elementor-element-populated\">\n\t\t\t\t\t\t\t\t<div class=\"elementor-element elementor-element-5a4b2c82 elementor-widget elementor-widget-heading\" data-id=\"5a4b2c82\" data-element_type=\"widget\" data-widget_type=\"heading.default\">\n\t\t\t\t<div class=\"elementor-widget-container\">\n\t\t\t<h3 class=\"elementor-heading-title elementor-size-default\">From fleece to wool<\/h3>\t\t<\/div>\n\t\t\t\t<\/div>\n\t\t\t\t<div class=\"elementor-element elementor-element-6964bf27 elementor-widget elementor-widget-text-editor\" data-id=\"6964bf27\" data-element_type=\"widget\" data-widget_type=\"text-editor.default\">\n\t\t\t\t<div class=\"elementor-widget-container\">\n\t\t\t\t\t\t\t<p>The first step to create the highest quality of wool is the selection of the alpaca. Only immaculate animals without any diseases or parasites and which have a fleece of at least nine cm of thickness are suitable for creating high quality fleeces. \nThe next step is to shear the alpaca to harvest the fleece.<\/p>\t\t\t\t\t\t<\/div>\n\t\t\t\t<\/div>\n\t\t\t\t<div class=\"elementor-element elementor-element-5397401b elementor-align-left elementor-mobile-align-center elementor-widget elementor-widget-button\" data-id=\"5397401b\" data-element_type=\"widget\" data-widget_type=\"button.default\">\n\t\t\t\t<div class=\"elementor-widget-container\">\n\t\t\t\t\t<div class=\"elementor-button-wrapper\">\n\t\t\t<a class=\"elementor-button elementor-button-link elementor-size-md\" href=\"https:\/\/www.ff-inka.com\/en\/from-fleece-to-wool\/?preview_id=555\">\n\t\t\t\t\t\t<span class=\"elementor-button-content-wrapper\">\n\t\t\t\t\t\t<span class=\"elementor-button-icon elementor-align-icon-right\">\n\t\t\t\t<i aria-hidden=\"true\" class=\"fas fa-angle-double-right\"><\/i>\t\t\t<\/span>\n\t\t\t\t\t\t<span class=\"elementor-button-text\">Read more<\/span>\n\t\t<\/span>\n\t\t\t\t\t<\/a>\n\t\t<\/div>\n\t\t\t\t<\/div>\n\t\t\t\t<\/div>\n\t\t\t\t\t<\/div>\n\t\t<\/div>\n\t\t\t\t<div class=\"elementor-column elementor-col-50 elementor-top-column elementor-element elementor-element-6749a431\" data-id=\"6749a431\" data-element_type=\"column\">\n\t\t\t<div class=\"elementor-widget-wrap elementor-element-populated\">\n\t\t\t\t\t\t\t\t<div class=\"elementor-element elementor-element-cb34db2 elementor-widget elementor-widget-image\" data-id=\"cb34db2\" data-element_type=\"widget\" data-widget_type=\"image.default\">\n\t\t\t\t<div class=\"elementor-widget-container\">\n\t\t\t\t\t\t\t\t\t\t\t\t\t\t\t<img loading=\"lazy\" decoding=\"async\" width=\"1024\" height=\"683\" src=\"https:\/\/i0.wp.com\/www.ff-inka.com\/wp-content\/uploads\/2021\/12\/Ovillo-scaled.jpg?fit=1024%2C683&amp;ssl=1\" class=\"attachment-large size-large wp-image-570\" alt=\"\" srcset=\"https:\/\/i0.wp.com\/www.ff-inka.com\/wp-content\/uploads\/2021\/12\/Ovillo-scaled.jpg?w=2560&amp;ssl=1 2560w, https:\/\/i0.wp.com\/www.ff-inka.com\/wp-content\/uploads\/2021\/12\/Ovillo-scaled.jpg?resize=600%2C400&amp;ssl=1 600w, https:\/\/i0.wp.com\/www.ff-inka.com\/wp-content\/uploads\/2021\/12\/Ovillo-scaled.jpg?resize=300%2C200&amp;ssl=1 300w, https:\/\/i0.wp.com\/www.ff-inka.com\/wp-content\/uploads\/2021\/12\/Ovillo-scaled.jpg?resize=1024%2C683&amp;ssl=1 1024w, https:\/\/i0.wp.com\/www.ff-inka.com\/wp-content\/uploads\/2021\/12\/Ovillo-scaled.jpg?resize=768%2C512&amp;ssl=1 768w, https:\/\/i0.wp.com\/www.ff-inka.com\/wp-content\/uploads\/2021\/12\/Ovillo-scaled.jpg?resize=1536%2C1024&amp;ssl=1 1536w, https:\/\/i0.wp.com\/www.ff-inka.com\/wp-content\/uploads\/2021\/12\/Ovillo-scaled.jpg?resize=2048%2C1365&amp;ssl=1 2048w\" sizes=\"auto, (max-width: 1000px) 100vw, 1000px\" \/>\t\t\t\t\t\t\t\t\t\t\t\t\t\t\t<\/div>\n\t\t\t\t<\/div>\n\t\t\t\t\t<\/div>\n\t\t<\/div>\n\t\t\t\t\t\t\t<\/div>\n\t\t<\/section>\n\t\t\t\t\t\t\t<\/div>","protected":false},"excerpt":{"rendered":"<p>\u00dcber Alpacas Das Alpaka Das Alpaka ist ein Tier aus der Familie der Kamele, das sich auf einzigartige Weise an das Leben in sehr gro\u00dfen H\u00f6hen angepasst hat. Es ist ein wichtiger Teil des Lebens der indigenen Gemeinschaften der Anden und gilt als einer ihrer gr\u00f6\u00dften Sch\u00e4tze. Weiterlesen Scheren und Vlies Scheren ist das Verfahren, &hellip;<\/p>\n<p class=\"read-more\"> <a class=\"\" href=\"https:\/\/www.ff-inka.com\/en\/concerning-alpacas\/\"> <span class=\"screen-reader-text\">Concerning Alpacas<\/span> Read More &raquo;<\/a><\/p>","protected":false},"author":1,"featured_media":0,"parent":0,"menu_order":0,"comment_status":"closed","ping_status":"closed","template":"","meta":{"advanced_seo_description":"","jetpack_seo_html_title":"","jetpack_seo_noindex":false,"site-sidebar-layout":"no-sidebar","site-content-layout":"page-builder","ast-site-content-layout":"","site-content-style":"default","site-sidebar-style":"default","ast-global-header-display":"","ast-banner-title-visibility":"","ast-main-header-display":"","ast-hfb-above-header-display":"","ast-hfb-below-header-display":"","ast-hfb-mobile-header-display":"","site-post-title":"disabled","ast-breadcrumbs-content":"","ast-featured-img":"disabled","footer-sml-layout":"","theme-transparent-header-meta":"","adv-header-id-meta":"","stick-header-meta":"","header-above-stick-meta":"","header-main-stick-meta":"","header-below-stick-meta":"","astra-migrate-meta-layouts":"","footnotes":""},"class_list":["post-398","page","type-page","status-publish","hentry"],"jetpack-related-posts":[{"id":486,"url":"https:\/\/www.ff-inka.com\/en\/the-alpaca\/","url_meta":{"origin":398,"position":0},"title":"The Alpaca","author":"admin","date":"December 6, 2021","format":false,"excerpt":"The Alpaca Das Alpaka ist ein Tier aus der Familie der Kamele, das sich auf einzigartige Weise an das Leben in sehr gro\u00dfen H\u00f6hen angepasst hat. Es ist ein wichtiger Teil des Lebens der indigenen Gemeinschaften der Anden und gilt als einer ihrer gr\u00f6\u00dften Sch\u00e4tze.Das heutige Alpaka ist ein direkter\u2026","rel":"","context":"Similar post","block_context":{"text":"Similar post","link":""},"img":{"alt_text":"","src":"https:\/\/i0.wp.com\/www.ff-inka.com\/wp-content\/uploads\/2021\/12\/Alpaca-free1--scaled.jpg?resize=350%2C200&ssl=1","width":350,"height":200,"srcset":"https:\/\/i0.wp.com\/www.ff-inka.com\/wp-content\/uploads\/2021\/12\/Alpaca-free1--scaled.jpg?resize=350%2C200&ssl=1 1x, https:\/\/i0.wp.com\/www.ff-inka.com\/wp-content\/uploads\/2021\/12\/Alpaca-free1--scaled.jpg?resize=525%2C300&ssl=1 1.5x, https:\/\/i0.wp.com\/www.ff-inka.com\/wp-content\/uploads\/2021\/12\/Alpaca-free1--scaled.jpg?resize=700%2C400&ssl=1 2x, https:\/\/i0.wp.com\/www.ff-inka.com\/wp-content\/uploads\/2021\/12\/Alpaca-free1--scaled.jpg?resize=1050%2C600&ssl=1 3x, https:\/\/i0.wp.com\/www.ff-inka.com\/wp-content\/uploads\/2021\/12\/Alpaca-free1--scaled.jpg?resize=1400%2C800&ssl=1 4x"},"classes":[]},{"id":586,"url":"https:\/\/www.ff-inka.com\/en\/about-us\/","url_meta":{"origin":398,"position":1},"title":"\u00dcber uns","author":"admin","date":"December 6, 2021","format":false,"excerpt":"\u00dcber uns Wir sind Marta und Stefan, ein internationales Paar, das zwischen Spanien und Deutschland lebt. Wir sind Reiseliebhaber, die es lieben, Natur, Kulturen und Essen zu erkunden.Nachdem wir eine erstaunliche Dokumentation \u00fcber das unbekannte Peru gesehen hatten, wussten wir, dass wir dorthin mussten und haben schlie\u00dflich unsere Flitterwochen dort\u2026","rel":"","context":"Similar post","block_context":{"text":"Similar post","link":""},"img":{"alt_text":"","src":"","width":0,"height":0},"classes":[]},{"id":296,"url":"https:\/\/www.ff-inka.com\/en\/pachamama\/","url_meta":{"origin":398,"position":2},"title":"Pachamama","author":"admin","date":"December 6, 2021","format":false,"excerpt":"Pachamama Globe-americas Mit unseren Produkten wollen wir einen kleinen Beitrag leisten, die Welt zu einem besseren Ort zu machen. Die indigenen Andengemeinschaften (die Quechua) nennen die Welt Pachamama, was w\u00f6rtlich \u00fcbersetzt Weltmutter, die G\u00f6ttin der Welt, bedeutet. F\u00fcr die Quechua ist die Welt mehr als nur der Ort, an dem\u2026","rel":"","context":"Similar post","block_context":{"text":"Similar post","link":""},"img":{"alt_text":"","src":"https:\/\/i0.wp.com\/www.ff-inka.com\/wp-content\/uploads\/2021\/12\/nina-en-uros-scaled.jpg?resize=350%2C200&ssl=1","width":350,"height":200,"srcset":"https:\/\/i0.wp.com\/www.ff-inka.com\/wp-content\/uploads\/2021\/12\/nina-en-uros-scaled.jpg?resize=350%2C200&ssl=1 1x, https:\/\/i0.wp.com\/www.ff-inka.com\/wp-content\/uploads\/2021\/12\/nina-en-uros-scaled.jpg?resize=525%2C300&ssl=1 1.5x, https:\/\/i0.wp.com\/www.ff-inka.com\/wp-content\/uploads\/2021\/12\/nina-en-uros-scaled.jpg?resize=700%2C400&ssl=1 2x, https:\/\/i0.wp.com\/www.ff-inka.com\/wp-content\/uploads\/2021\/12\/nina-en-uros-scaled.jpg?resize=1050%2C600&ssl=1 3x, https:\/\/i0.wp.com\/www.ff-inka.com\/wp-content\/uploads\/2021\/12\/nina-en-uros-scaled.jpg?resize=1400%2C800&ssl=1 4x"},"classes":[]},{"id":349,"url":"https:\/\/www.ff-inka.com\/en\/sustainable-farmed\/","url_meta":{"origin":398,"position":3},"title":"Sustainable Farmed","author":"admin","date":"December 6, 2021","format":false,"excerpt":"Nachhaltiger Bauernhof Ihre Familien k\u00fcmmern sich um ihre Alpakas, versorgen sie mit guter Nahrung und sorgen daf\u00fcr, dass sie ein langes und gl\u00fcckliches Leben haben und sie vor Schaden bewahren. Es kommt sogar sehr h\u00e4ufig vor, dass Menschen ihre Tiere \u00fcberall hin mitnehmen, so eng ist ihre Beziehung. Sie k\u00f6nnen\u2026","rel":"","context":"Similar post","block_context":{"text":"Similar post","link":""},"img":{"alt_text":"","src":"https:\/\/i0.wp.com\/www.ff-inka.com\/wp-content\/uploads\/2021\/12\/Alpaca-granja-1024x577.jpg?resize=350%2C200&ssl=1","width":350,"height":200,"srcset":"https:\/\/i0.wp.com\/www.ff-inka.com\/wp-content\/uploads\/2021\/12\/Alpaca-granja-1024x577.jpg?resize=350%2C200&ssl=1 1x, https:\/\/i0.wp.com\/www.ff-inka.com\/wp-content\/uploads\/2021\/12\/Alpaca-granja-1024x577.jpg?resize=525%2C300&ssl=1 1.5x, https:\/\/i0.wp.com\/www.ff-inka.com\/wp-content\/uploads\/2021\/12\/Alpaca-granja-1024x577.jpg?resize=700%2C400&ssl=1 2x"},"classes":[]},{"id":57,"url":"https:\/\/www.ff-inka.com\/en\/","url_meta":{"origin":398,"position":4},"title":"Startseite","author":"admin","date":"December 6, 2021","format":false,"excerpt":"Winter Collektion Jetzt Shoppen Sichere Bezahlung keine Transaktionsgeb\u00fchrenEinfacher Bezahlung mit Visa oder Apple Pay Gratisversand Kostenlose Lieferung in Deutschland und einfache R\u00fcckgabe innerhalb von 30 Tagen Mit Liebe gemacht Alle unsere Produkte werden von unserem Team von Hand f\u00fcr Sie ausgew\u00e4hlt und jeder Artikel wird vor dem Versand einer Qualit\u00e4tspr\u00fcfung\u2026","rel":"","context":"Similar post","block_context":{"text":"Similar post","link":""},"img":{"alt_text":"","src":"https:\/\/i0.wp.com\/www.ff-inka.com\/wp-content\/uploads\/2021\/12\/alpaca-esquilada.jpg?resize=350%2C200&ssl=1","width":350,"height":200,"srcset":"https:\/\/i0.wp.com\/www.ff-inka.com\/wp-content\/uploads\/2021\/12\/alpaca-esquilada.jpg?resize=350%2C200&ssl=1 1x, https:\/\/i0.wp.com\/www.ff-inka.com\/wp-content\/uploads\/2021\/12\/alpaca-esquilada.jpg?resize=525%2C300&ssl=1 1.5x"},"classes":[]},{"id":514,"url":"https:\/\/www.ff-inka.com\/en\/shearing-and-fibre-harvest\/","url_meta":{"origin":398,"position":5},"title":"Shearing and fibre harvest","author":"admin","date":"December 6, 2021","format":false,"excerpt":"Scheren und Vlies Scheren ist das Verfahren, um das Vlies des Alpakas mit einer Schere oder einer Maschine zu schneiden, wobei das gesamte Vlies in einem St\u00fcck abgenommen wird. Im Gegensatz zu ihren wilden Geschwistern haben domestizierte Alpakas die F\u00e4higkeit verloren, ihre Wolle im Wechsel der Jahreszeiten auf nat\u00fcrliche Weise\u2026","rel":"","context":"Similar post","block_context":{"text":"Similar post","link":""},"img":{"alt_text":"","src":"https:\/\/i0.wp.com\/www.ff-inka.com\/wp-content\/uploads\/2021\/12\/Alpaca-esquilada-1-scaled.jpg?resize=350%2C200&ssl=1","width":350,"height":200,"srcset":"https:\/\/i0.wp.com\/www.ff-inka.com\/wp-content\/uploads\/2021\/12\/Alpaca-esquilada-1-scaled.jpg?resize=350%2C200&ssl=1 1x, https:\/\/i0.wp.com\/www.ff-inka.com\/wp-content\/uploads\/2021\/12\/Alpaca-esquilada-1-scaled.jpg?resize=525%2C300&ssl=1 1.5x, https:\/\/i0.wp.com\/www.ff-inka.com\/wp-content\/uploads\/2021\/12\/Alpaca-esquilada-1-scaled.jpg?resize=700%2C400&ssl=1 2x, https:\/\/i0.wp.com\/www.ff-inka.com\/wp-content\/uploads\/2021\/12\/Alpaca-esquilada-1-scaled.jpg?resize=1050%2C600&ssl=1 3x, https:\/\/i0.wp.com\/www.ff-inka.com\/wp-content\/uploads\/2021\/12\/Alpaca-esquilada-1-scaled.jpg?resize=1400%2C800&ssl=1 4x"},"classes":[]}],"_links":{"self":[{"href":"https:\/\/www.ff-inka.com\/en\/wp-json\/wp\/v2\/pages\/398","targetHints":{"allow":["GET"]}}],"collection":[{"href":"https:\/\/www.ff-inka.com\/en\/wp-json\/wp\/v2\/pages"}],"about":[{"href":"https:\/\/www.ff-inka.com\/en\/wp-json\/wp\/v2\/types\/page"}],"author":[{"embeddable":true,"href":"https:\/\/www.ff-inka.com\/en\/wp-json\/wp\/v2\/users\/1"}],"replies":[{"embeddable":true,"href":"https:\/\/www.ff-inka.com\/en\/wp-json\/wp\/v2\/comments?post=398"}],"version-history":[{"count":110,"href":"https:\/\/www.ff-inka.com\/en\/wp-json\/wp\/v2\/pages\/398\/revisions"}],"predecessor-version":[{"id":1293,"href":"https:\/\/www.ff-inka.com\/en\/wp-json\/wp\/v2\/pages\/398\/revisions\/1293"}],"wp:attachment":[{"href":"https:\/\/www.ff-inka.com\/en\/wp-json\/wp\/v2\/media?parent=398"}],"curies":[{"name":"wp","href":"https:\/\/api.w.org\/{rel}","templated":true}]}}