{"id":349,"date":"2021-12-06T15:22:48","date_gmt":"2021-12-06T15:22:48","guid":{"rendered":"https:\/\/www.ff-inka.com\/?page_id=349"},"modified":"2021-12-13T13:19:01","modified_gmt":"2021-12-13T13:19:01","slug":"sustainable-farmed","status":"publish","type":"page","link":"https:\/\/www.ff-inka.com\/en\/sustainable-farmed\/","title":{"rendered":"Sustainable Farmed"},"content":{"rendered":"<div data-elementor-type=\"wp-page\" data-elementor-id=\"349\" class=\"elementor elementor-349\">\n\t\t\t\t\t\t\t\t\t<section class=\"elementor-section elementor-top-section elementor-element elementor-element-967f9e6 elementor-section-boxed elementor-section-height-default elementor-section-height-default\" data-id=\"967f9e6\" data-element_type=\"section\">\n\t\t\t\t\t\t<div class=\"elementor-container elementor-column-gap-default\">\n\t\t\t\t\t<div class=\"elementor-column elementor-col-100 elementor-top-column elementor-element elementor-element-6a35aeb\" data-id=\"6a35aeb\" data-element_type=\"column\">\n\t\t\t<div class=\"elementor-widget-wrap elementor-element-populated\">\n\t\t\t\t\t\t\t\t<div class=\"elementor-element elementor-element-a4e7bac elementor-widget elementor-widget-heading\" data-id=\"a4e7bac\" data-element_type=\"widget\" data-widget_type=\"heading.default\">\n\t\t\t\t<div class=\"elementor-widget-container\">\n\t\t\t<style>\/*! elementor - v3.15.0 - 20-08-2023 *\/\n.elementor-heading-title{padding:0;margin:0;line-height:1}.elementor-widget-heading .elementor-heading-title[class*=elementor-size-]>a{color:inherit;font-size:inherit;line-height:inherit}.elementor-widget-heading .elementor-heading-title.elementor-size-small{font-size:15px}.elementor-widget-heading .elementor-heading-title.elementor-size-medium{font-size:19px}.elementor-widget-heading .elementor-heading-title.elementor-size-large{font-size:29px}.elementor-widget-heading .elementor-heading-title.elementor-size-xl{font-size:39px}.elementor-widget-heading .elementor-heading-title.elementor-size-xxl{font-size:59px}<\/style><h2 class=\"elementor-heading-title elementor-size-default\">Nachhaltiger Bauernhof<\/h2>\t\t<\/div>\n\t\t\t\t<\/div>\n\t\t\t\t\t<\/div>\n\t\t<\/div>\n\t\t\t\t\t\t\t<\/div>\n\t\t<\/section>\n\t\t\t\t<section class=\"elementor-section elementor-top-section elementor-element elementor-element-1d8a635 elementor-section-boxed elementor-section-height-default elementor-section-height-default\" data-id=\"1d8a635\" data-element_type=\"section\">\n\t\t\t\t\t\t<div class=\"elementor-container elementor-column-gap-default\">\n\t\t\t\t\t<div class=\"elementor-column elementor-col-100 elementor-top-column elementor-element elementor-element-fc9328c\" data-id=\"fc9328c\" data-element_type=\"column\">\n\t\t\t<div class=\"elementor-widget-wrap elementor-element-populated\">\n\t\t\t\t\t\t\t\t<div class=\"elementor-element elementor-element-2f4f631 elementor-widget elementor-widget-spacer\" data-id=\"2f4f631\" data-element_type=\"widget\" data-widget_type=\"spacer.default\">\n\t\t\t\t<div class=\"elementor-widget-container\">\n\t\t\t<style>\/*! elementor - v3.15.0 - 20-08-2023 *\/\n.elementor-column .elementor-spacer-inner{height:var(--spacer-size)}.e-con{--container-widget-width:100%}.e-con-inner>.elementor-widget-spacer,.e-con>.elementor-widget-spacer{width:var(--container-widget-width,var(--spacer-size));--align-self:var(--container-widget-align-self,initial);--flex-shrink:0}.e-con-inner>.elementor-widget-spacer>.elementor-widget-container,.e-con-inner>.elementor-widget-spacer>.elementor-widget-container>.elementor-spacer,.e-con>.elementor-widget-spacer>.elementor-widget-container,.e-con>.elementor-widget-spacer>.elementor-widget-container>.elementor-spacer{height:100%}.e-con-inner>.elementor-widget-spacer>.elementor-widget-container>.elementor-spacer>.elementor-spacer-inner,.e-con>.elementor-widget-spacer>.elementor-widget-container>.elementor-spacer>.elementor-spacer-inner{height:var(--container-widget-height,var(--spacer-size))}<\/style>\t\t<div class=\"elementor-spacer\">\n\t\t\t<div class=\"elementor-spacer-inner\"><\/div>\n\t\t<\/div>\n\t\t\t\t<\/div>\n\t\t\t\t<\/div>\n\t\t\t\t\t<\/div>\n\t\t<\/div>\n\t\t\t\t\t\t\t<\/div>\n\t\t<\/section>\n\t\t\t\t<section class=\"elementor-section elementor-top-section elementor-element elementor-element-fe864c3 elementor-section-boxed elementor-section-height-default elementor-section-height-default\" data-id=\"fe864c3\" data-element_type=\"section\">\n\t\t\t\t\t\t<div class=\"elementor-container elementor-column-gap-default\">\n\t\t\t\t\t<div class=\"elementor-column elementor-col-50 elementor-top-column elementor-element elementor-element-139ec2a\" data-id=\"139ec2a\" data-element_type=\"column\">\n\t\t\t<div class=\"elementor-widget-wrap elementor-element-populated\">\n\t\t\t\t\t\t\t\t<div class=\"elementor-element elementor-element-cad1644 elementor-widget elementor-widget-text-editor\" data-id=\"cad1644\" data-element_type=\"widget\" data-widget_type=\"text-editor.default\">\n\t\t\t\t<div class=\"elementor-widget-container\">\n\t\t\t<style>\/*! elementor - v3.15.0 - 20-08-2023 *\/\n.elementor-widget-text-editor.elementor-drop-cap-view-stacked .elementor-drop-cap{background-color:#69727d;color:#fff}.elementor-widget-text-editor.elementor-drop-cap-view-framed .elementor-drop-cap{color:#69727d;border:3px solid;background-color:transparent}.elementor-widget-text-editor:not(.elementor-drop-cap-view-default) .elementor-drop-cap{margin-top:8px}.elementor-widget-text-editor:not(.elementor-drop-cap-view-default) .elementor-drop-cap-letter{width:1em;height:1em}.elementor-widget-text-editor .elementor-drop-cap{float:left;text-align:center;line-height:1;font-size:50px}.elementor-widget-text-editor .elementor-drop-cap-letter{display:inline-block}<\/style>\t\t\t\t<p>Their families care a lot of Alpaca providing them proper food and take care that they have a long and happy life, protecting them from harm. \nIt is very common to see people taking their animals wherever they go, so close is their relationship. You can even see people taking their Alpaca in their car, much like Europeans might do with pet animals.<\/p><p>Until today the largest part of Alpaca wool is produced by Andean families. The whole production process from shearing over spinning and dyeing the fibres to weaving the fabric is done within the local communities, fabrics are woven in traditional workshops to preserve the precious qualities of the wool, using traditional techniques and ancient knowledge. Therefore, the whole process has a minimal carbon footprint as all materials involved are sourced and processed locally. Above all alpaca fibres, when carefully looked after, have an almost indefinite lifespan. Alpaca wool is a great gift that helps us to support local communities and that also helps to protect our world, our Pachamama.<\/p>\t\t\t\t\t\t<\/div>\n\t\t\t\t<\/div>\n\t\t\t\t\t<\/div>\n\t\t<\/div>\n\t\t\t\t<div class=\"elementor-column elementor-col-50 elementor-top-column elementor-element elementor-element-457077d\" data-id=\"457077d\" data-element_type=\"column\">\n\t\t\t<div class=\"elementor-widget-wrap elementor-element-populated\">\n\t\t\t\t\t\t\t\t<div class=\"elementor-element elementor-element-9e15095 elementor-widget__width-initial elementor-widget elementor-widget-image\" data-id=\"9e15095\" data-element_type=\"widget\" data-widget_type=\"image.default\">\n\t\t\t\t<div class=\"elementor-widget-container\">\n\t\t\t<style>\/*! elementor - v3.15.0 - 20-08-2023 *\/\n.elementor-widget-image{text-align:center}.elementor-widget-image a{display:inline-block}.elementor-widget-image a img[src$=\".svg\"]{width:48px}.elementor-widget-image img{vertical-align:middle;display:inline-block}<\/style>\t\t\t\t\t\t\t\t\t\t\t\t<img loading=\"lazy\" decoding=\"async\" width=\"1024\" height=\"577\" src=\"https:\/\/i0.wp.com\/www.ff-inka.com\/wp-content\/uploads\/2021\/12\/Alpaca-granja-scaled.jpg?fit=1024%2C577&amp;ssl=1\" class=\"attachment-large size-large wp-image-450\" alt=\"\" srcset=\"https:\/\/i0.wp.com\/www.ff-inka.com\/wp-content\/uploads\/2021\/12\/Alpaca-granja-scaled.jpg?w=2560&amp;ssl=1 2560w, https:\/\/i0.wp.com\/www.ff-inka.com\/wp-content\/uploads\/2021\/12\/Alpaca-granja-scaled.jpg?resize=600%2C338&amp;ssl=1 600w, https:\/\/i0.wp.com\/www.ff-inka.com\/wp-content\/uploads\/2021\/12\/Alpaca-granja-scaled.jpg?resize=300%2C169&amp;ssl=1 300w, https:\/\/i0.wp.com\/www.ff-inka.com\/wp-content\/uploads\/2021\/12\/Alpaca-granja-scaled.jpg?resize=1024%2C577&amp;ssl=1 1024w, https:\/\/i0.wp.com\/www.ff-inka.com\/wp-content\/uploads\/2021\/12\/Alpaca-granja-scaled.jpg?resize=768%2C433&amp;ssl=1 768w, https:\/\/i0.wp.com\/www.ff-inka.com\/wp-content\/uploads\/2021\/12\/Alpaca-granja-scaled.jpg?resize=1536%2C865&amp;ssl=1 1536w, https:\/\/i0.wp.com\/www.ff-inka.com\/wp-content\/uploads\/2021\/12\/Alpaca-granja-scaled.jpg?resize=2048%2C1154&amp;ssl=1 2048w\" sizes=\"auto, (max-width: 1000px) 100vw, 1000px\" \/>\t\t\t\t\t\t\t\t\t\t\t\t\t\t\t<\/div>\n\t\t\t\t<\/div>\n\t\t\t\t\t<\/div>\n\t\t<\/div>\n\t\t\t\t\t\t\t<\/div>\n\t\t<\/section>\n\t\t\t\t<section class=\"elementor-section elementor-top-section elementor-element elementor-element-4f65e8d elementor-section-boxed elementor-section-height-default elementor-section-height-default\" data-id=\"4f65e8d\" data-element_type=\"section\">\n\t\t\t\t\t\t<div class=\"elementor-container elementor-column-gap-default\">\n\t\t\t\t\t<div class=\"elementor-column elementor-col-100 elementor-top-column elementor-element elementor-element-f285437\" data-id=\"f285437\" data-element_type=\"column\">\n\t\t\t<div class=\"elementor-widget-wrap elementor-element-populated\">\n\t\t\t\t\t\t\t\t<div class=\"elementor-element elementor-element-438ffdf elementor-widget-divider--view-line elementor-widget elementor-widget-divider\" data-id=\"438ffdf\" data-element_type=\"widget\" data-widget_type=\"divider.default\">\n\t\t\t\t<div class=\"elementor-widget-container\">\n\t\t\t<style>\/*! elementor - v3.15.0 - 20-08-2023 *\/\n.elementor-widget-divider{--divider-border-style:none;--divider-border-width:1px;--divider-color:#0c0d0e;--divider-icon-size:20px;--divider-element-spacing:10px;--divider-pattern-height:24px;--divider-pattern-size:20px;--divider-pattern-url:none;--divider-pattern-repeat:repeat-x}.elementor-widget-divider .elementor-divider{display:flex}.elementor-widget-divider .elementor-divider__text{font-size:15px;line-height:1;max-width:95%}.elementor-widget-divider .elementor-divider__element{margin:0 var(--divider-element-spacing);flex-shrink:0}.elementor-widget-divider .elementor-icon{font-size:var(--divider-icon-size)}.elementor-widget-divider .elementor-divider-separator{display:flex;margin:0;direction:ltr}.elementor-widget-divider--view-line_icon .elementor-divider-separator,.elementor-widget-divider--view-line_text .elementor-divider-separator{align-items:center}.elementor-widget-divider--view-line_icon .elementor-divider-separator:after,.elementor-widget-divider--view-line_icon .elementor-divider-separator:before,.elementor-widget-divider--view-line_text .elementor-divider-separator:after,.elementor-widget-divider--view-line_text .elementor-divider-separator:before{display:block;content:\"\";border-bottom:0;flex-grow:1;border-top:var(--divider-border-width) var(--divider-border-style) var(--divider-color)}.elementor-widget-divider--element-align-left .elementor-divider .elementor-divider-separator>.elementor-divider__svg:first-of-type{flex-grow:0;flex-shrink:100}.elementor-widget-divider--element-align-left .elementor-divider-separator:before{content:none}.elementor-widget-divider--element-align-left .elementor-divider__element{margin-left:0}.elementor-widget-divider--element-align-right .elementor-divider .elementor-divider-separator>.elementor-divider__svg:last-of-type{flex-grow:0;flex-shrink:100}.elementor-widget-divider--element-align-right .elementor-divider-separator:after{content:none}.elementor-widget-divider--element-align-right .elementor-divider__element{margin-right:0}.elementor-widget-divider:not(.elementor-widget-divider--view-line_text):not(.elementor-widget-divider--view-line_icon) .elementor-divider-separator{border-top:var(--divider-border-width) var(--divider-border-style) var(--divider-color)}.elementor-widget-divider--separator-type-pattern{--divider-border-style:none}.elementor-widget-divider--separator-type-pattern.elementor-widget-divider--view-line .elementor-divider-separator,.elementor-widget-divider--separator-type-pattern:not(.elementor-widget-divider--view-line) .elementor-divider-separator:after,.elementor-widget-divider--separator-type-pattern:not(.elementor-widget-divider--view-line) .elementor-divider-separator:before,.elementor-widget-divider--separator-type-pattern:not([class*=elementor-widget-divider--view]) .elementor-divider-separator{width:100%;min-height:var(--divider-pattern-height);-webkit-mask-size:var(--divider-pattern-size) 100%;mask-size:var(--divider-pattern-size) 100%;-webkit-mask-repeat:var(--divider-pattern-repeat);mask-repeat:var(--divider-pattern-repeat);background-color:var(--divider-color);-webkit-mask-image:var(--divider-pattern-url);mask-image:var(--divider-pattern-url)}.elementor-widget-divider--no-spacing{--divider-pattern-size:auto}.elementor-widget-divider--bg-round{--divider-pattern-repeat:round}.rtl .elementor-widget-divider .elementor-divider__text{direction:rtl}.e-con-inner>.elementor-widget-divider,.e-con>.elementor-widget-divider{width:var(--container-widget-width,100%);--flex-grow:var(--container-widget-flex-grow)}<\/style>\t\t<div class=\"elementor-divider\">\n\t\t\t<span class=\"elementor-divider-separator\">\n\t\t\t\t\t\t<\/span>\n\t\t<\/div>\n\t\t\t\t<\/div>\n\t\t\t\t<\/div>\n\t\t\t\t\t<\/div>\n\t\t<\/div>\n\t\t\t\t\t\t\t<\/div>\n\t\t<\/section>\n\t\t\t\t\t\t\t<\/div>","protected":false},"excerpt":{"rendered":"<p>Nachhaltiger Bauernhof Ihre Familien k\u00fcmmern sich um ihre Alpakas, versorgen sie mit guter Nahrung und sorgen daf\u00fcr, dass sie ein langes und gl\u00fcckliches Leben haben und sie vor Schaden bewahren. Es kommt sogar sehr h\u00e4ufig vor, dass Menschen ihre Tiere \u00fcberall hin mitnehmen, so eng ist ihre Beziehung. Sie k\u00f6nnen sogar Leute sehen, die ihr &hellip;<\/p>\n<p class=\"read-more\"> <a class=\"\" href=\"https:\/\/www.ff-inka.com\/en\/sustainable-farmed\/\"> <span class=\"screen-reader-text\">Sustainable Farmed<\/span> Read More &raquo;<\/a><\/p>","protected":false},"author":1,"featured_media":0,"parent":0,"menu_order":0,"comment_status":"closed","ping_status":"closed","template":"","meta":{"advanced_seo_description":"","jetpack_seo_html_title":"","jetpack_seo_noindex":false,"site-sidebar-layout":"no-sidebar","site-content-layout":"page-builder","ast-site-content-layout":"","site-content-style":"default","site-sidebar-style":"default","ast-global-header-display":"","ast-banner-title-visibility":"","ast-main-header-display":"","ast-hfb-above-header-display":"","ast-hfb-below-header-display":"","ast-hfb-mobile-header-display":"","site-post-title":"disabled","ast-breadcrumbs-content":"","ast-featured-img":"disabled","footer-sml-layout":"","theme-transparent-header-meta":"","adv-header-id-meta":"","stick-header-meta":"","header-above-stick-meta":"","header-main-stick-meta":"","header-below-stick-meta":"","astra-migrate-meta-layouts":"","footnotes":""},"class_list":["post-349","page","type-page","status-publish","hentry"],"jetpack-related-posts":[{"id":57,"url":"https:\/\/www.ff-inka.com\/en\/","url_meta":{"origin":349,"position":0},"title":"Startseite","author":"admin","date":"December 6, 2021","format":false,"excerpt":"Winter Collektion Jetzt Shoppen Sichere Bezahlung keine Transaktionsgeb\u00fchrenEinfacher Bezahlung mit Visa oder Apple Pay Gratisversand Kostenlose Lieferung in Deutschland und einfache R\u00fcckgabe innerhalb von 30 Tagen Mit Liebe gemacht Alle unsere Produkte werden von unserem Team von Hand f\u00fcr Sie ausgew\u00e4hlt und jeder Artikel wird vor dem Versand einer Qualit\u00e4tspr\u00fcfung\u2026","rel":"","context":"Similar post","block_context":{"text":"Similar post","link":""},"img":{"alt_text":"","src":"https:\/\/i0.wp.com\/www.ff-inka.com\/wp-content\/uploads\/2021\/12\/alpaca-esquilada.jpg?resize=350%2C200&ssl=1","width":350,"height":200,"srcset":"https:\/\/i0.wp.com\/www.ff-inka.com\/wp-content\/uploads\/2021\/12\/alpaca-esquilada.jpg?resize=350%2C200&ssl=1 1x, https:\/\/i0.wp.com\/www.ff-inka.com\/wp-content\/uploads\/2021\/12\/alpaca-esquilada.jpg?resize=525%2C300&ssl=1 1.5x"},"classes":[]},{"id":514,"url":"https:\/\/www.ff-inka.com\/en\/shearing-and-fibre-harvest\/","url_meta":{"origin":349,"position":1},"title":"Shearing and fibre harvest","author":"admin","date":"December 6, 2021","format":false,"excerpt":"Scheren und Vlies Scheren ist das Verfahren, um das Vlies des Alpakas mit einer Schere oder einer Maschine zu schneiden, wobei das gesamte Vlies in einem St\u00fcck abgenommen wird. Im Gegensatz zu ihren wilden Geschwistern haben domestizierte Alpakas die F\u00e4higkeit verloren, ihre Wolle im Wechsel der Jahreszeiten auf nat\u00fcrliche Weise\u2026","rel":"","context":"Similar post","block_context":{"text":"Similar post","link":""},"img":{"alt_text":"","src":"https:\/\/i0.wp.com\/www.ff-inka.com\/wp-content\/uploads\/2021\/12\/Alpaca-esquilada-1-scaled.jpg?resize=350%2C200&ssl=1","width":350,"height":200,"srcset":"https:\/\/i0.wp.com\/www.ff-inka.com\/wp-content\/uploads\/2021\/12\/Alpaca-esquilada-1-scaled.jpg?resize=350%2C200&ssl=1 1x, https:\/\/i0.wp.com\/www.ff-inka.com\/wp-content\/uploads\/2021\/12\/Alpaca-esquilada-1-scaled.jpg?resize=525%2C300&ssl=1 1.5x, https:\/\/i0.wp.com\/www.ff-inka.com\/wp-content\/uploads\/2021\/12\/Alpaca-esquilada-1-scaled.jpg?resize=700%2C400&ssl=1 2x, https:\/\/i0.wp.com\/www.ff-inka.com\/wp-content\/uploads\/2021\/12\/Alpaca-esquilada-1-scaled.jpg?resize=1050%2C600&ssl=1 3x, https:\/\/i0.wp.com\/www.ff-inka.com\/wp-content\/uploads\/2021\/12\/Alpaca-esquilada-1-scaled.jpg?resize=1400%2C800&ssl=1 4x"},"classes":[]},{"id":296,"url":"https:\/\/www.ff-inka.com\/en\/pachamama\/","url_meta":{"origin":349,"position":2},"title":"Pachamama","author":"admin","date":"December 6, 2021","format":false,"excerpt":"Pachamama Globe-americas Mit unseren Produkten wollen wir einen kleinen Beitrag leisten, die Welt zu einem besseren Ort zu machen. Die indigenen Andengemeinschaften (die Quechua) nennen die Welt Pachamama, was w\u00f6rtlich \u00fcbersetzt Weltmutter, die G\u00f6ttin der Welt, bedeutet. F\u00fcr die Quechua ist die Welt mehr als nur der Ort, an dem\u2026","rel":"","context":"Similar post","block_context":{"text":"Similar post","link":""},"img":{"alt_text":"","src":"https:\/\/i0.wp.com\/www.ff-inka.com\/wp-content\/uploads\/2021\/12\/nina-en-uros-scaled.jpg?resize=350%2C200&ssl=1","width":350,"height":200,"srcset":"https:\/\/i0.wp.com\/www.ff-inka.com\/wp-content\/uploads\/2021\/12\/nina-en-uros-scaled.jpg?resize=350%2C200&ssl=1 1x, https:\/\/i0.wp.com\/www.ff-inka.com\/wp-content\/uploads\/2021\/12\/nina-en-uros-scaled.jpg?resize=525%2C300&ssl=1 1.5x, https:\/\/i0.wp.com\/www.ff-inka.com\/wp-content\/uploads\/2021\/12\/nina-en-uros-scaled.jpg?resize=700%2C400&ssl=1 2x, https:\/\/i0.wp.com\/www.ff-inka.com\/wp-content\/uploads\/2021\/12\/nina-en-uros-scaled.jpg?resize=1050%2C600&ssl=1 3x, https:\/\/i0.wp.com\/www.ff-inka.com\/wp-content\/uploads\/2021\/12\/nina-en-uros-scaled.jpg?resize=1400%2C800&ssl=1 4x"},"classes":[]},{"id":555,"url":"https:\/\/www.ff-inka.com\/en\/from-fleece-to-wool\/","url_meta":{"origin":349,"position":3},"title":"From fleece to wool","author":"admin","date":"December 6, 2021","format":false,"excerpt":"Vom Vlies zur Wolle Der erste Schritt zur Herstellung von Wolle h\u00f6chster Qualit\u00e4t ist die Auswahl des Alpakas. Nur tadellose Tiere ohne Krankheiten oder Parasiten, die ein Vlies von mindestens 9 cm Dicke aufweisen, eignen sich zur Herstellung hochwertiger Vliese.Der n\u00e4chste Schritt besteht darin, das Alpaka zu scheren, um das\u2026","rel":"","context":"Similar post","block_context":{"text":"Similar post","link":""},"img":{"alt_text":"","src":"https:\/\/i0.wp.com\/www.ff-inka.com\/wp-content\/uploads\/2021\/12\/Comercializacion-scaled.jpg?resize=350%2C200&ssl=1","width":350,"height":200,"srcset":"https:\/\/i0.wp.com\/www.ff-inka.com\/wp-content\/uploads\/2021\/12\/Comercializacion-scaled.jpg?resize=350%2C200&ssl=1 1x, https:\/\/i0.wp.com\/www.ff-inka.com\/wp-content\/uploads\/2021\/12\/Comercializacion-scaled.jpg?resize=525%2C300&ssl=1 1.5x, https:\/\/i0.wp.com\/www.ff-inka.com\/wp-content\/uploads\/2021\/12\/Comercializacion-scaled.jpg?resize=700%2C400&ssl=1 2x, https:\/\/i0.wp.com\/www.ff-inka.com\/wp-content\/uploads\/2021\/12\/Comercializacion-scaled.jpg?resize=1050%2C600&ssl=1 3x, https:\/\/i0.wp.com\/www.ff-inka.com\/wp-content\/uploads\/2021\/12\/Comercializacion-scaled.jpg?resize=1400%2C800&ssl=1 4x"},"classes":[]},{"id":486,"url":"https:\/\/www.ff-inka.com\/en\/the-alpaca\/","url_meta":{"origin":349,"position":4},"title":"The Alpaca","author":"admin","date":"December 6, 2021","format":false,"excerpt":"The Alpaca Das Alpaka ist ein Tier aus der Familie der Kamele, das sich auf einzigartige Weise an das Leben in sehr gro\u00dfen H\u00f6hen angepasst hat. Es ist ein wichtiger Teil des Lebens der indigenen Gemeinschaften der Anden und gilt als einer ihrer gr\u00f6\u00dften Sch\u00e4tze.Das heutige Alpaka ist ein direkter\u2026","rel":"","context":"Similar post","block_context":{"text":"Similar post","link":""},"img":{"alt_text":"","src":"https:\/\/i0.wp.com\/www.ff-inka.com\/wp-content\/uploads\/2021\/12\/Alpaca-free1--scaled.jpg?resize=350%2C200&ssl=1","width":350,"height":200,"srcset":"https:\/\/i0.wp.com\/www.ff-inka.com\/wp-content\/uploads\/2021\/12\/Alpaca-free1--scaled.jpg?resize=350%2C200&ssl=1 1x, https:\/\/i0.wp.com\/www.ff-inka.com\/wp-content\/uploads\/2021\/12\/Alpaca-free1--scaled.jpg?resize=525%2C300&ssl=1 1.5x, https:\/\/i0.wp.com\/www.ff-inka.com\/wp-content\/uploads\/2021\/12\/Alpaca-free1--scaled.jpg?resize=700%2C400&ssl=1 2x, https:\/\/i0.wp.com\/www.ff-inka.com\/wp-content\/uploads\/2021\/12\/Alpaca-free1--scaled.jpg?resize=1050%2C600&ssl=1 3x, https:\/\/i0.wp.com\/www.ff-inka.com\/wp-content\/uploads\/2021\/12\/Alpaca-free1--scaled.jpg?resize=1400%2C800&ssl=1 4x"},"classes":[]},{"id":398,"url":"https:\/\/www.ff-inka.com\/en\/concerning-alpacas\/","url_meta":{"origin":349,"position":5},"title":"\u00dcber Alpacas","author":"admin","date":"December 6, 2021","format":false,"excerpt":"\u00dcber Alpacas Das Alpaka Das Alpaka ist ein Tier aus der Familie der Kamele, das sich auf einzigartige Weise an das Leben in sehr gro\u00dfen H\u00f6hen angepasst hat. Es ist ein wichtiger Teil des Lebens der indigenen Gemeinschaften der Anden und gilt als einer ihrer gr\u00f6\u00dften Sch\u00e4tze. Weiterlesen Scheren und\u2026","rel":"","context":"Similar post","block_context":{"text":"Similar post","link":""},"img":{"alt_text":"","src":"https:\/\/i0.wp.com\/www.ff-inka.com\/wp-content\/uploads\/2021\/12\/Grupo-Alpaca-scaled.jpg?resize=350%2C200&ssl=1","width":350,"height":200,"srcset":"https:\/\/i0.wp.com\/www.ff-inka.com\/wp-content\/uploads\/2021\/12\/Grupo-Alpaca-scaled.jpg?resize=350%2C200&ssl=1 1x, https:\/\/i0.wp.com\/www.ff-inka.com\/wp-content\/uploads\/2021\/12\/Grupo-Alpaca-scaled.jpg?resize=525%2C300&ssl=1 1.5x, https:\/\/i0.wp.com\/www.ff-inka.com\/wp-content\/uploads\/2021\/12\/Grupo-Alpaca-scaled.jpg?resize=700%2C400&ssl=1 2x, https:\/\/i0.wp.com\/www.ff-inka.com\/wp-content\/uploads\/2021\/12\/Grupo-Alpaca-scaled.jpg?resize=1050%2C600&ssl=1 3x, https:\/\/i0.wp.com\/www.ff-inka.com\/wp-content\/uploads\/2021\/12\/Grupo-Alpaca-scaled.jpg?resize=1400%2C800&ssl=1 4x"},"classes":[]}],"_links":{"self":[{"href":"https:\/\/www.ff-inka.com\/en\/wp-json\/wp\/v2\/pages\/349","targetHints":{"allow":["GET"]}}],"collection":[{"href":"https:\/\/www.ff-inka.com\/en\/wp-json\/wp\/v2\/pages"}],"about":[{"href":"https:\/\/www.ff-inka.com\/en\/wp-json\/wp\/v2\/types\/page"}],"author":[{"embeddable":true,"href":"https:\/\/www.ff-inka.com\/en\/wp-json\/wp\/v2\/users\/1"}],"replies":[{"embeddable":true,"href":"https:\/\/www.ff-inka.com\/en\/wp-json\/wp\/v2\/comments?post=349"}],"version-history":[{"count":46,"href":"https:\/\/www.ff-inka.com\/en\/wp-json\/wp\/v2\/pages\/349\/revisions"}],"predecessor-version":[{"id":1238,"href":"https:\/\/www.ff-inka.com\/en\/wp-json\/wp\/v2\/pages\/349\/revisions\/1238"}],"wp:attachment":[{"href":"https:\/\/www.ff-inka.com\/en\/wp-json\/wp\/v2\/media?parent=349"}],"curies":[{"name":"wp","href":"https:\/\/api.w.org\/{rel}","templated":true}]}}